{"id":7424,"date":"2025-01-18T00:17:39","date_gmt":"2025-01-18T00:17:39","guid":{"rendered":"https:\/\/hdgallipoli.it\/happy-days-rooms\/pokoj-dwuosobowy-z-trzecim-lozkiem\/"},"modified":"2026-02-08T17:51:45","modified_gmt":"2026-02-08T17:51:45","slug":"pokoj-dwuosobowy-z-trzecim-lozkiem","status":"publish","type":"product","link":"https:\/\/hdgallipoli.it\/pl\/prodotto\/pokoj-dwuosobowy-z-trzecim-lozkiem\/","title":{"rendered":"Pok\u00f3j dwuosobowy z trzecim \u0142\u00f3\u017ckiem"},"content":{"rendered":"<p><img fetchpriority=\"high\" decoding=\"async\" class=\"alignnone size-medium wp-image-5882\" src=\"https:\/\/hdgallipoli.it\/wp-content\/uploads\/2025\/01\/Monday-ritoc1-300x200.jpg\" alt=\"\" width=\"300\" height=\"200\" srcset=\"https:\/\/hdgallipoli.it\/wp-content\/uploads\/2025\/01\/Monday-ritoc1-300x200.jpg 300w, https:\/\/hdgallipoli.it\/wp-content\/uploads\/2025\/01\/Monday-ritoc1-600x400.jpg 600w, https:\/\/hdgallipoli.it\/wp-content\/uploads\/2025\/01\/Monday-ritoc1-1024x683.jpg 1024w, https:\/\/hdgallipoli.it\/wp-content\/uploads\/2025\/01\/Monday-ritoc1-768x512.jpg 768w, https:\/\/hdgallipoli.it\/wp-content\/uploads\/2025\/01\/Monday-ritoc1-1536x1024.jpg 1536w, https:\/\/hdgallipoli.it\/wp-content\/uploads\/2025\/01\/Monday-ritoc1-1170x780.jpg 1170w, https:\/\/hdgallipoli.it\/wp-content\/uploads\/2025\/01\/Monday-ritoc1.jpg 1620w\" sizes=\"(max-width: 300px) 100vw, 300px\" \/><\/p>\n<div class=\"bg-bianco padding-lg-md margin-b-md rounded\">\n<div class=\"colonna-base colonna-75 mediaquery-700 padding-l-md\">\n<div class=\"txtExpandibile_box txtExpandibile_descrizione lh-lg txtExpandibile_ffffff txt_status_open\" data-numerorighe=\"8\" data-paddingtoplink=\"10\" data-comportamento=\"mosnas\" data-testolink=\"mostra di pi\u00f9\" data-testolinknas=\"mostra di meno\" data-bgcolor=\"ffffff\">\n<p align=\"justify\">Wyposa\u017cony w \u0142azienk\u0119 z prysznicem, klimatyzacj\u0119, telewizor, lod\u00f3wk\u0119 i darmowe Wi-Fi. Pok\u00f3j umeblowany jest trzecim \u0142\u00f3\u017ckiem, kt\u00f3re zapewnia doskona\u0142y komfort go\u015bciowi.<\/p>\n<p><button class=\"rrp-widget-open-modal\">REZERWACJA<\/button><br \/>\n<script type=\"text\/javascript\" src=\"https:\/\/www.bed-and-breakfast.it\/scripts\/widget\/widget_frm_camere.cfm?idstruttura=15079&#038;idregione=13&#038;l=en\"><\/script><\/p>\n<\/div>\n<\/div>\n<\/div>\n","protected":false},"excerpt":{"rendered":"<div class=\"bg-bianco padding-lg-md margin-b-md rounded\">\n<div class=\"colonna-base colonna-75 mediaquery-700 padding-l-md\">\n<div class=\"txtExpandibile_box txtExpandibile_descrizione lh-lg txtExpandibile_ffffff txt_status_open\" data-numerorighe=\"8\" data-paddingtoplink=\"10\" data-comportamento=\"mosnas\" data-testolink=\"mostra di pi\u00f9\" data-testolinknas=\"mostra di meno\" data-bgcolor=\"ffffff\">\n<p style=\"font-weight: 400;\">Dwa pokoje dwuosobowe z \u0142azienk\u0105 i trzecim \u0142\u00f3\u017ckiem znajduj\u0105 si\u0119:<\/p>\n<p style=\"font-weight: 400;\">jeden na parterze z zadaszonym, wy\u0142\u0105cznym tarasem (loggia);<\/p>\n<p style=\"font-weight: 400;\">jeden na pierwszym pi\u0119trze z du\u017cym balkonem. Go\u015bcie tego pokoju, w momencie rezerwacji, mog\u0105 poprosi\u0107 o mo\u017cliwo\u015b\u0107 korzystania z aneksu kuchennego na wy\u0142\u0105czno\u015b\u0107, znajduj\u0105cego si\u0119 na korytarzu.<\/p>\n<p style=\"font-weight: 400;\">Tylko dla pokoju na parterze miejsce parkingowe znajduje si\u0119 w pobli\u017cu wej\u015bcia.\u00a0Do ogrodu, basenu i altanki \u015bniadaniowej prowadzi wygodna \u015bcie\u017cka.<\/p>\n<p><button class=\"rrp-widget-open-modal\">REZERWACJA<\/button><br \/>\n<script type=\"text\/javascript\" src=\"https:\/\/www.bed-and-breakfast.it\/scripts\/widget\/widget_frm_camere.cfm?idstruttura=15079&#038;idregione=13&#038;l=en\"><\/script><\/p>\n<\/div>\n<\/div>\n<\/div>\n","protected":false},"featured_media":8806,"template":"","meta":{"_crdt_document":""},"product_brand":[],"product_cat":[836],"product_tag":[],"class_list":{"0":"post-7424","1":"product","2":"type-product","3":"status-publish","4":"has-post-thumbnail","6":"product_cat-senza-categoria-pl","8":"first","9":"instock","10":"virtual","11":"product-type-simple"},"yoast_head":"<!-- This site is optimized with the Yoast SEO plugin v27.3 - https:\/\/yoast.com\/product\/yoast-seo-wordpress\/ -->\n<title>Pok\u00f3j dwuosobowy z trzecim \u0142\u00f3\u017ckiem<\/title>\n<meta name=\"description\" content=\"Pok\u00f3j dwuosobowy z trzecim \u0142\u00f3\u017ckiem i cz\u0119\u015bci\u0105 zewn\u0119trzn\u0105 zadaszon\u0105 loggi\u0105. Posiada \u0142azienk\u0119 z prysznicem, klimatyzacj\u0119, telewizor, lod\u00f3wk\u0119 i bezp\u0142atny bezprzewodowy dost\u0119p do Internetu. Nardo\" \/>\n<meta name=\"robots\" content=\"index, follow, max-snippet:-1, max-image-preview:large, max-video-preview:-1\" \/>\n<link rel=\"canonical\" href=\"https:\/\/hdgallipoli.it\/pl\/prodotto\/pokoj-dwuosobowy-z-trzecim-lozkiem\/\" \/>\n<meta property=\"og:locale\" content=\"pl_PL\" \/>\n<meta property=\"og:type\" content=\"article\" \/>\n<meta property=\"og:title\" content=\"Pok\u00f3j dwuosobowy z trzecim \u0142\u00f3\u017ckiem\" \/>\n<meta property=\"og:description\" content=\"Pok\u00f3j dwuosobowy z trzecim \u0142\u00f3\u017ckiem i cz\u0119\u015bci\u0105 zewn\u0119trzn\u0105 zadaszon\u0105 loggi\u0105. Posiada \u0142azienk\u0119 z prysznicem, klimatyzacj\u0119, telewizor, lod\u00f3wk\u0119 i bezp\u0142atny bezprzewodowy dost\u0119p do Internetu. Nardo\" \/>\n<meta property=\"og:url\" content=\"https:\/\/hdgallipoli.it\/pl\/prodotto\/pokoj-dwuosobowy-z-trzecim-lozkiem\/\" \/>\n<meta property=\"og:site_name\" content=\"B&amp;b Happy Days Santa Maria al Bagno Golfo di Gallipoli\" \/>\n<meta property=\"article:publisher\" content=\"https:\/\/www.facebook.com\/share\/stJ3P4yQ6mY7ALnh\/\" \/>\n<meta property=\"article:modified_time\" content=\"2026-02-08T17:51:45+00:00\" \/>\n<meta property=\"og:image\" content=\"https:\/\/hdgallipoli.it\/wp-content\/uploads\/2025\/05\/BB-Nardo-Monday-letto-chiuso.jpg\" \/>\n\t<meta property=\"og:image:width\" content=\"2048\" \/>\n\t<meta property=\"og:image:height\" content=\"1365\" \/>\n\t<meta property=\"og:image:type\" content=\"image\/jpeg\" \/>\n<meta name=\"twitter:card\" content=\"summary_large_image\" \/>\n<meta name=\"twitter:label1\" content=\"Szacowany czas czytania\" \/>\n\t<meta name=\"twitter:data1\" content=\"1 minuta\" \/>\n<script type=\"application\/ld+json\" class=\"yoast-schema-graph\">{\"@context\":\"https:\\\/\\\/schema.org\",\"@graph\":[{\"@type\":\"WebPage\",\"@id\":\"https:\\\/\\\/hdgallipoli.it\\\/pl\\\/prodotto\\\/pokoj-dwuosobowy-z-trzecim-lozkiem\\\/\",\"url\":\"https:\\\/\\\/hdgallipoli.it\\\/pl\\\/prodotto\\\/pokoj-dwuosobowy-z-trzecim-lozkiem\\\/\",\"name\":\"Pok\u00f3j dwuosobowy z trzecim \u0142\u00f3\u017ckiem\",\"isPartOf\":{\"@id\":\"https:\\\/\\\/hdgallipoli.it\\\/pl\\\/#website\"},\"primaryImageOfPage\":{\"@id\":\"https:\\\/\\\/hdgallipoli.it\\\/pl\\\/prodotto\\\/pokoj-dwuosobowy-z-trzecim-lozkiem\\\/#primaryimage\"},\"image\":{\"@id\":\"https:\\\/\\\/hdgallipoli.it\\\/pl\\\/prodotto\\\/pokoj-dwuosobowy-z-trzecim-lozkiem\\\/#primaryimage\"},\"thumbnailUrl\":\"https:\\\/\\\/hdgallipoli.it\\\/wp-content\\\/uploads\\\/2025\\\/05\\\/BB-Nardo-Monday-letto-chiuso.jpg\",\"datePublished\":\"2025-01-18T00:17:39+00:00\",\"dateModified\":\"2026-02-08T17:51:45+00:00\",\"description\":\"Pok\u00f3j dwuosobowy z trzecim \u0142\u00f3\u017ckiem i cz\u0119\u015bci\u0105 zewn\u0119trzn\u0105 zadaszon\u0105 loggi\u0105. Posiada \u0142azienk\u0119 z prysznicem, klimatyzacj\u0119, telewizor, lod\u00f3wk\u0119 i bezp\u0142atny bezprzewodowy dost\u0119p do Internetu. Nardo\",\"breadcrumb\":{\"@id\":\"https:\\\/\\\/hdgallipoli.it\\\/pl\\\/prodotto\\\/pokoj-dwuosobowy-z-trzecim-lozkiem\\\/#breadcrumb\"},\"inLanguage\":\"pl-PL\",\"potentialAction\":[{\"@type\":\"ReadAction\",\"target\":[\"https:\\\/\\\/hdgallipoli.it\\\/pl\\\/prodotto\\\/pokoj-dwuosobowy-z-trzecim-lozkiem\\\/\"]}]},{\"@type\":\"ImageObject\",\"inLanguage\":\"pl-PL\",\"@id\":\"https:\\\/\\\/hdgallipoli.it\\\/pl\\\/prodotto\\\/pokoj-dwuosobowy-z-trzecim-lozkiem\\\/#primaryimage\",\"url\":\"https:\\\/\\\/hdgallipoli.it\\\/wp-content\\\/uploads\\\/2025\\\/05\\\/BB-Nardo-Monday-letto-chiuso.jpg\",\"contentUrl\":\"https:\\\/\\\/hdgallipoli.it\\\/wp-content\\\/uploads\\\/2025\\\/05\\\/BB-Nardo-Monday-letto-chiuso.jpg\",\"width\":2048,\"height\":1365},{\"@type\":\"BreadcrumbList\",\"@id\":\"https:\\\/\\\/hdgallipoli.it\\\/pl\\\/prodotto\\\/pokoj-dwuosobowy-z-trzecim-lozkiem\\\/#breadcrumb\",\"itemListElement\":[{\"@type\":\"ListItem\",\"position\":1,\"name\":\"Home\",\"item\":\"https:\\\/\\\/hdgallipoli.it\\\/pl\\\/\"},{\"@type\":\"ListItem\",\"position\":2,\"name\":\"Produkty\",\"item\":\"https:\\\/\\\/hdgallipoli.it\\\/pl\\\/shop\\\/\"},{\"@type\":\"ListItem\",\"position\":3,\"name\":\"Pok\u00f3j dwuosobowy z trzecim \u0142\u00f3\u017ckiem\"}]},{\"@type\":\"WebSite\",\"@id\":\"https:\\\/\\\/hdgallipoli.it\\\/pl\\\/#website\",\"url\":\"https:\\\/\\\/hdgallipoli.it\\\/pl\\\/\",\"name\":\"B&b Happy Days Santa Maria al Bagno\",\"description\":\"Bed and breakfast Santa Maria al Bagno\",\"publisher\":{\"@id\":\"https:\\\/\\\/hdgallipoli.it\\\/pl\\\/#organization\"},\"alternateName\":\"B&b Nard\u00f2\",\"potentialAction\":[{\"@type\":\"SearchAction\",\"target\":{\"@type\":\"EntryPoint\",\"urlTemplate\":\"https:\\\/\\\/hdgallipoli.it\\\/pl\\\/?s={search_term_string}\"},\"query-input\":{\"@type\":\"PropertyValueSpecification\",\"valueRequired\":true,\"valueName\":\"search_term_string\"}}],\"inLanguage\":\"pl-PL\"},{\"@type\":\"Organization\",\"@id\":\"https:\\\/\\\/hdgallipoli.it\\\/pl\\\/#organization\",\"name\":\"B&b Happy Days Santa Maria al Bagno\",\"alternateName\":\"B&b Happy Days Santa Maria al Bagno\",\"url\":\"https:\\\/\\\/hdgallipoli.it\\\/pl\\\/\",\"logo\":{\"@type\":\"ImageObject\",\"inLanguage\":\"pl-PL\",\"@id\":\"https:\\\/\\\/hdgallipoli.it\\\/pl\\\/#\\\/schema\\\/logo\\\/image\\\/\",\"url\":\"https:\\\/\\\/hdgallipoli.it\\\/wp-content\\\/uploads\\\/2024\\\/10\\\/cropped-BB-Santa-Maria-al-Bagno-vicino-Nardo-sul-Golfo-Gallipoli.png\",\"contentUrl\":\"https:\\\/\\\/hdgallipoli.it\\\/wp-content\\\/uploads\\\/2024\\\/10\\\/cropped-BB-Santa-Maria-al-Bagno-vicino-Nardo-sul-Golfo-Gallipoli.png\",\"width\":512,\"height\":512,\"caption\":\"B&b Happy Days Santa Maria al Bagno\"},\"image\":{\"@id\":\"https:\\\/\\\/hdgallipoli.it\\\/pl\\\/#\\\/schema\\\/logo\\\/image\\\/\"},\"sameAs\":[\"https:\\\/\\\/www.facebook.com\\\/share\\\/stJ3P4yQ6mY7ALnh\\\/\"]}]}<\/script>\n<!-- \/ Yoast SEO plugin. -->","yoast_head_json":{"title":"Pok\u00f3j dwuosobowy z trzecim \u0142\u00f3\u017ckiem","description":"Pok\u00f3j dwuosobowy z trzecim \u0142\u00f3\u017ckiem i cz\u0119\u015bci\u0105 zewn\u0119trzn\u0105 zadaszon\u0105 loggi\u0105. Posiada \u0142azienk\u0119 z prysznicem, klimatyzacj\u0119, telewizor, lod\u00f3wk\u0119 i bezp\u0142atny bezprzewodowy dost\u0119p do Internetu. Nardo","robots":{"index":"index","follow":"follow","max-snippet":"max-snippet:-1","max-image-preview":"max-image-preview:large","max-video-preview":"max-video-preview:-1"},"canonical":"https:\/\/hdgallipoli.it\/pl\/prodotto\/pokoj-dwuosobowy-z-trzecim-lozkiem\/","og_locale":"pl_PL","og_type":"article","og_title":"Pok\u00f3j dwuosobowy z trzecim \u0142\u00f3\u017ckiem","og_description":"Pok\u00f3j dwuosobowy z trzecim \u0142\u00f3\u017ckiem i cz\u0119\u015bci\u0105 zewn\u0119trzn\u0105 zadaszon\u0105 loggi\u0105. Posiada \u0142azienk\u0119 z prysznicem, klimatyzacj\u0119, telewizor, lod\u00f3wk\u0119 i bezp\u0142atny bezprzewodowy dost\u0119p do Internetu. Nardo","og_url":"https:\/\/hdgallipoli.it\/pl\/prodotto\/pokoj-dwuosobowy-z-trzecim-lozkiem\/","og_site_name":"B&amp;b Happy Days Santa Maria al Bagno Golfo di Gallipoli","article_publisher":"https:\/\/www.facebook.com\/share\/stJ3P4yQ6mY7ALnh\/","article_modified_time":"2026-02-08T17:51:45+00:00","og_image":[{"width":2048,"height":1365,"url":"https:\/\/hdgallipoli.it\/wp-content\/uploads\/2025\/05\/BB-Nardo-Monday-letto-chiuso.jpg","type":"image\/jpeg"}],"twitter_card":"summary_large_image","twitter_misc":{"Szacowany czas czytania":"1 minuta"},"schema":{"@context":"https:\/\/schema.org","@graph":[{"@type":"WebPage","@id":"https:\/\/hdgallipoli.it\/pl\/prodotto\/pokoj-dwuosobowy-z-trzecim-lozkiem\/","url":"https:\/\/hdgallipoli.it\/pl\/prodotto\/pokoj-dwuosobowy-z-trzecim-lozkiem\/","name":"Pok\u00f3j dwuosobowy z trzecim \u0142\u00f3\u017ckiem","isPartOf":{"@id":"https:\/\/hdgallipoli.it\/pl\/#website"},"primaryImageOfPage":{"@id":"https:\/\/hdgallipoli.it\/pl\/prodotto\/pokoj-dwuosobowy-z-trzecim-lozkiem\/#primaryimage"},"image":{"@id":"https:\/\/hdgallipoli.it\/pl\/prodotto\/pokoj-dwuosobowy-z-trzecim-lozkiem\/#primaryimage"},"thumbnailUrl":"https:\/\/hdgallipoli.it\/wp-content\/uploads\/2025\/05\/BB-Nardo-Monday-letto-chiuso.jpg","datePublished":"2025-01-18T00:17:39+00:00","dateModified":"2026-02-08T17:51:45+00:00","description":"Pok\u00f3j dwuosobowy z trzecim \u0142\u00f3\u017ckiem i cz\u0119\u015bci\u0105 zewn\u0119trzn\u0105 zadaszon\u0105 loggi\u0105. Posiada \u0142azienk\u0119 z prysznicem, klimatyzacj\u0119, telewizor, lod\u00f3wk\u0119 i bezp\u0142atny bezprzewodowy dost\u0119p do Internetu. Nardo","breadcrumb":{"@id":"https:\/\/hdgallipoli.it\/pl\/prodotto\/pokoj-dwuosobowy-z-trzecim-lozkiem\/#breadcrumb"},"inLanguage":"pl-PL","potentialAction":[{"@type":"ReadAction","target":["https:\/\/hdgallipoli.it\/pl\/prodotto\/pokoj-dwuosobowy-z-trzecim-lozkiem\/"]}]},{"@type":"ImageObject","inLanguage":"pl-PL","@id":"https:\/\/hdgallipoli.it\/pl\/prodotto\/pokoj-dwuosobowy-z-trzecim-lozkiem\/#primaryimage","url":"https:\/\/hdgallipoli.it\/wp-content\/uploads\/2025\/05\/BB-Nardo-Monday-letto-chiuso.jpg","contentUrl":"https:\/\/hdgallipoli.it\/wp-content\/uploads\/2025\/05\/BB-Nardo-Monday-letto-chiuso.jpg","width":2048,"height":1365},{"@type":"BreadcrumbList","@id":"https:\/\/hdgallipoli.it\/pl\/prodotto\/pokoj-dwuosobowy-z-trzecim-lozkiem\/#breadcrumb","itemListElement":[{"@type":"ListItem","position":1,"name":"Home","item":"https:\/\/hdgallipoli.it\/pl\/"},{"@type":"ListItem","position":2,"name":"Produkty","item":"https:\/\/hdgallipoli.it\/pl\/shop\/"},{"@type":"ListItem","position":3,"name":"Pok\u00f3j dwuosobowy z trzecim \u0142\u00f3\u017ckiem"}]},{"@type":"WebSite","@id":"https:\/\/hdgallipoli.it\/pl\/#website","url":"https:\/\/hdgallipoli.it\/pl\/","name":"B&b Happy Days Santa Maria al Bagno","description":"Bed and breakfast Santa Maria al Bagno","publisher":{"@id":"https:\/\/hdgallipoli.it\/pl\/#organization"},"alternateName":"B&b Nard\u00f2","potentialAction":[{"@type":"SearchAction","target":{"@type":"EntryPoint","urlTemplate":"https:\/\/hdgallipoli.it\/pl\/?s={search_term_string}"},"query-input":{"@type":"PropertyValueSpecification","valueRequired":true,"valueName":"search_term_string"}}],"inLanguage":"pl-PL"},{"@type":"Organization","@id":"https:\/\/hdgallipoli.it\/pl\/#organization","name":"B&b Happy Days Santa Maria al Bagno","alternateName":"B&b Happy Days Santa Maria al Bagno","url":"https:\/\/hdgallipoli.it\/pl\/","logo":{"@type":"ImageObject","inLanguage":"pl-PL","@id":"https:\/\/hdgallipoli.it\/pl\/#\/schema\/logo\/image\/","url":"https:\/\/hdgallipoli.it\/wp-content\/uploads\/2024\/10\/cropped-BB-Santa-Maria-al-Bagno-vicino-Nardo-sul-Golfo-Gallipoli.png","contentUrl":"https:\/\/hdgallipoli.it\/wp-content\/uploads\/2024\/10\/cropped-BB-Santa-Maria-al-Bagno-vicino-Nardo-sul-Golfo-Gallipoli.png","width":512,"height":512,"caption":"B&b Happy Days Santa Maria al Bagno"},"image":{"@id":"https:\/\/hdgallipoli.it\/pl\/#\/schema\/logo\/image\/"},"sameAs":["https:\/\/www.facebook.com\/share\/stJ3P4yQ6mY7ALnh\/"]}]}},"_links":{"self":[{"href":"https:\/\/hdgallipoli.it\/pl\/wp-json\/wp\/v2\/product\/7424","targetHints":{"allow":["GET"]}}],"collection":[{"href":"https:\/\/hdgallipoli.it\/pl\/wp-json\/wp\/v2\/product"}],"about":[{"href":"https:\/\/hdgallipoli.it\/pl\/wp-json\/wp\/v2\/types\/product"}],"wp:featuredmedia":[{"embeddable":true,"href":"https:\/\/hdgallipoli.it\/pl\/wp-json\/wp\/v2\/media\/8806"}],"wp:attachment":[{"href":"https:\/\/hdgallipoli.it\/pl\/wp-json\/wp\/v2\/media?parent=7424"}],"wp:term":[{"taxonomy":"product_brand","embeddable":true,"href":"https:\/\/hdgallipoli.it\/pl\/wp-json\/wp\/v2\/product_brand?post=7424"},{"taxonomy":"product_cat","embeddable":true,"href":"https:\/\/hdgallipoli.it\/pl\/wp-json\/wp\/v2\/product_cat?post=7424"},{"taxonomy":"product_tag","embeddable":true,"href":"https:\/\/hdgallipoli.it\/pl\/wp-json\/wp\/v2\/product_tag?post=7424"}],"curies":[{"name":"wp","href":"https:\/\/api.w.org\/{rel}","templated":true}]}}