{"id":2972,"date":"2024-10-26T07:46:29","date_gmt":"2024-10-26T07:46:29","guid":{"rendered":"https:\/\/hdgallipoli.it\/?page_id=2972"},"modified":"2024-11-17T22:43:22","modified_gmt":"2024-11-17T22:43:22","slug":"privacy-policy","status":"publish","type":"page","link":"https:\/\/hdgallipoli.it\/pl\/privacy-policy\/","title":{"rendered":"Privacy Policy"},"content":{"rendered":"\t\t<div data-elementor-type=\"wp-page\" data-elementor-id=\"2972\" class=\"elementor elementor-2972\" data-elementor-post-type=\"page\">\n\t\t\t\t<div class=\"elementor-element elementor-element-7e631891 e-flex e-con-boxed e-con e-parent\" data-id=\"7e631891\" data-element_type=\"container\" data-e-type=\"container\" data-settings=\"{&quot;ekit_has_onepagescroll_dot&quot;:&quot;yes&quot;}\">\n\t\t\t\t\t<div class=\"e-con-inner\">\n\t\t\t\t<div class=\"elementor-element elementor-element-68b0c321 elementor-widget elementor-widget-text-editor\" data-id=\"68b0c321\" data-element_type=\"widget\" data-e-type=\"widget\" data-settings=\"{&quot;ekit_we_effect_on&quot;:&quot;none&quot;}\" data-widget_type=\"text-editor.default\">\n\t\t\t\t<div class=\"elementor-widget-container\">\n\t\t\t\t\t\t\t\t\t\n<h2 class=\"wp-block-heading\">Kim jeste\u015bmy<\/h2>\n\n<p class=\"wp-block-paragraph\">Proponowany tekst: Adres naszej strony internetowej to: https:\/\/hdgallipoli.it.<\/p>\n\n<h2 class=\"wp-block-heading\">Uwagi<\/h2>\n\n<p class=\"wp-block-paragraph\">Sugerowany tekst: Kiedy odwiedzaj\u0105cy zostawiaj\u0105 komentarze w witrynie, zbieramy dane widoczne w formularzu komentarzy, a tak\u017ce adres IP odwiedzaj\u0105cego i ci\u0105g agenta u\u017cytkownika przegl\u0105darki, aby pom\u00f3c w wykrywaniu spamu.<\/p>\n\n<p class=\"wp-block-paragraph\">Anonimizowany ci\u0105g utworzony z Twojego adresu e-mail (nazywany r\u00f3wnie\u017c hashem) mo\u017ce zosta\u0107 dostarczony do us\u0142ugi Gravatar, aby sprawdzi\u0107, czy jej u\u017cywasz. Polityka prywatno\u015bci us\u0142ugi Gravatar jest dost\u0119pna tutaj: https:\/\/automattic.com\/privacy\/. Po zatwierdzeniu Twojego komentarza, Twoje zdj\u0119cie profilowe jest widoczne publicznie w kontek\u015bcie Twojego komentarza.<\/p>\n\n<h2 class=\"wp-block-heading\">G\u0142oska bezd\u017awi\u0119czna<\/h2>\n\n<p class=\"wp-block-paragraph\">Sugerowany tekst: Je\u015bli przesy\u0142asz obrazy na stron\u0119 internetow\u0105, powiniene\u015b unika\u0107 przesy\u0142ania obraz\u00f3w z osadzonymi danymi lokalizacji (EXIF GPS). Odwiedzaj\u0105cy stron\u0119 internetow\u0105 mog\u0105 pobra\u0107 i wyodr\u0119bni\u0107 wszelkie dane lokalizacji z obraz\u00f3w na stronie internetowej.<\/p>\n\n<h2 class=\"wp-block-heading\">Ciastka<\/h2>\n\n<p class=\"wp-block-paragraph\">Sugerowany tekst: Je\u015bli zostawisz komentarz na naszej stronie, mo\u017cesz wyrazi\u0107 zgod\u0119 na zapisanie swojego imienia, adresu e-mail i witryny w plikach cookie. S\u0105 one dla Twojej wygody, aby\u015b nie musia\u0142 ponownie wype\u0142nia\u0107 swoich danych, gdy zostawisz kolejny komentarz. Te pliki cookie b\u0119d\u0105 wa\u017cne przez rok.<\/p>\n\n<p class=\"wp-block-paragraph\">Je\u015bli odwiedzisz nasz\u0105 stron\u0119 logowania, ustawimy tymczasowy plik cookie, aby ustali\u0107, czy Twoja przegl\u0105darka akceptuje pliki cookie. Ten plik cookie nie zawiera \u017cadnych danych osobowych i jest usuwany po zamkni\u0119ciu przegl\u0105darki.<\/p>\n\n<p class=\"wp-block-paragraph\">Gdy si\u0119 zalogujesz, skonfigurujemy r\u00f3wnie\u017c kilka plik\u00f3w cookie, aby zapisa\u0107 Twoje dane logowania i wybrane opcje wy\u015bwietlania ekranu. Pliki cookie logowania s\u0105 wa\u017cne przez dwa dni, a pliki cookie opcji ekranu s\u0105 wa\u017cne przez rok. Je\u015bli wybierzesz opcj\u0119 \u201eZapami\u0119taj mnie\u201d, Twoje logowanie b\u0119dzie trwa\u0142o dwa tygodnie. Je\u015bli wylogujesz si\u0119 ze swojego konta, pliki cookie logowania zostan\u0105 usuni\u0119te.<\/p>\n\n<p class=\"wp-block-paragraph\">Je\u015bli edytujesz lub publikujesz artyku\u0142, dodatkowy plik cookie zostanie zapisany w Twojej przegl\u0105darce. Ten plik cookie nie zawiera \u017cadnych danych osobowych i po prostu wskazuje identyfikator posta artyku\u0142u, kt\u00f3ry w\u0142a\u015bnie edytowa\u0142e\u015b. Wygasa po 1 dniu.<\/p>\n\n<h2 class=\"wp-block-heading\">Osadzone tre\u015bci z innych witryn internetowych<\/h2>\n\n<p class=\"wp-block-paragraph\"><strong>Sugerowany tekst:<\/strong> Artyku\u0142y na tej stronie mog\u0105 zawiera\u0107 osadzon\u0105 tre\u015b\u0107 (np. filmy, obrazy, artyku\u0142y itp.). Osadzona tre\u015b\u0107 z innych stron internetowych zachowuje si\u0119 dok\u0142adnie tak samo, jakby odwiedzaj\u0105cy odwiedzi\u0142 inn\u0105 stron\u0119 internetow\u0105.<\/p>\n\n<p class=\"wp-block-paragraph\">Te witryny mog\u0105 zbiera\u0107 dane o Tobie, u\u017cywa\u0107 plik\u00f3w cookie, osadza\u0107 dodatkowe \u015bledzenie stron trzecich i monitorowa\u0107 Twoj\u0105 interakcj\u0119 z osadzon\u0105 tre\u015bci\u0105, w tym \u015bledzi\u0107 Twoj\u0105 interakcj\u0119 z osadzon\u0105 tre\u015bci\u0105, je\u015bli masz konto i jeste\u015b zalogowany w tej witrynie.<\/p>\n\n<h2 class=\"wp-block-heading\">Z kim dzielimy si\u0119 Twoimi danymi<\/h2>\n\n<p class=\"wp-block-paragraph\"><strong>Sugerowany tekst:<\/strong> Je\u015bli poprosisz o zresetowanie has\u0142a, Tw\u00f3j adres IP zostanie uwzgl\u0119dniony w wiadomo\u015bci e-mail z resetem has\u0142a.<\/p>\n\n<h2 class=\"wp-block-heading\">Jak d\u0142ugo przechowujemy Twoje dane<\/h2>\n\n<p class=\"wp-block-paragraph\"><strong>Sugerowany tekst:<\/strong> Je\u015bli zostawisz komentarz, komentarz i jego metadane zostan\u0105 zachowane na czas nieokre\u015blony. Dzi\u0119ki temu mo\u017cemy automatycznie rozpoznawa\u0107 i zatwierdza\u0107 wszelkie komentarze uzupe\u0142niaj\u0105ce zamiast trzyma\u0107 je w kolejce moderacji.<\/p>\n\n<p class=\"wp-block-paragraph\">W przypadku u\u017cytkownik\u00f3w, kt\u00f3rzy rejestruj\u0105 si\u0119 na naszej stronie internetowej (je\u015bli tacy s\u0105), przechowujemy r\u00f3wnie\u017c dane osobowe, kt\u00f3re podaj\u0105 w swoim profilu u\u017cytkownika. Wszyscy u\u017cytkownicy mog\u0105 zobaczy\u0107, edytowa\u0107 lub usun\u0105\u0107 swoje dane osobowe w dowolnym momencie (z wyj\u0105tkiem tego, \u017ce nie mog\u0105 zmieni\u0107 swojej nazwy u\u017cytkownika). Administratorzy strony internetowej mog\u0105 r\u00f3wnie\u017c zobaczy\u0107 i edytowa\u0107 te informacje.<\/p>\n\n<h2 class=\"wp-block-heading\">Jakie prawa masz do swoich danych<\/h2>\n\n<p class=\"wp-block-paragraph\">Sugerowany tekst: Je\u015bli masz konto na tej stronie lub zostawi\u0142e\u015b komentarze, mo\u017cesz poprosi\u0107 o otrzymanie wyeksportowanego pliku danych osobowych, kt\u00f3re o Tobie posiadamy, w tym wszelkich danych, kt\u00f3re nam przekaza\u0142e\u015b. Mo\u017cesz r\u00f3wnie\u017c poprosi\u0107 o usuni\u0119cie wszelkich danych osobowych, kt\u00f3re o Tobie posiadamy. Nie obejmuje to \u017cadnych danych, kt\u00f3re jeste\u015bmy zobowi\u0105zani przechowywa\u0107 w celach administracyjnych, prawnych lub bezpiecze\u0144stwa.<\/p>\n\n<h2 class=\"wp-block-heading\">Gdzie s\u0105 wysy\u0142ane Twoje dane<\/h2>\n\n<p class=\"wp-block-paragraph\"><strong>Sugerowany tekst:<\/strong> Komentarze go\u015bci mog\u0105 by\u0107 sprawdzane za pomoc\u0105 automatycznej us\u0142ugi wykrywania spamu.<\/p>\n\n<p>\u00a0<\/p>\t\t\t\t\t\t\t\t<\/div>\n\t\t\t\t<\/div>\n\t\t\t\t\t<\/div>\n\t\t\t\t<\/div>\n\t\t\t\t<\/div>\n\t\t","protected":false},"excerpt":{"rendered":"<p>Kim jeste\u015bmy Proponowany tekst: Adres naszej strony internetowej to: https:\/\/hdgallipoli.it. Uwagi Sugerowany tekst: Kiedy odwiedzaj\u0105cy zostawiaj\u0105 komentarze w witrynie, zbieramy dane widoczne w formularzu komentarzy, a tak\u017ce adres IP odwiedzaj\u0105cego i ci\u0105g agenta u\u017cytkownika przegl\u0105darki, aby pom\u00f3c w wykrywaniu spamu. Anonimizowany ci\u0105g utworzony z Twojego adresu e-mail (nazywany r\u00f3wnie\u017c hashem) mo\u017ce zosta\u0107 dostarczony do us\u0142ugi [&hellip;]<\/p>\n","protected":false},"author":1,"featured_media":0,"parent":0,"menu_order":0,"comment_status":"closed","ping_status":"open","template":"","meta":{"_crdt_document":"","footnotes":""},"class_list":["post-2972","page","type-page","status-publish","hentry"],"yoast_head":"<!-- This site is optimized with the Yoast SEO plugin v27.5 - https:\/\/yoast.com\/product\/yoast-seo-wordpress\/ -->\n<title>Privacy Policy - B&amp;b Happy Days Santa Maria al Bagno Golfo di Gallipoli<\/title>\n<meta name=\"robots\" content=\"index, follow, max-snippet:-1, max-image-preview:large, max-video-preview:-1\" \/>\n<link rel=\"canonical\" href=\"https:\/\/hdgallipoli.it\/pl\/privacy-policy\/\" \/>\n<meta property=\"og:locale\" content=\"pl_PL\" \/>\n<meta property=\"og:type\" content=\"article\" \/>\n<meta property=\"og:title\" content=\"Privacy Policy - B&amp;b Happy Days Santa Maria al Bagno Golfo di Gallipoli\" \/>\n<meta property=\"og:description\" content=\"Kim jeste\u015bmy Proponowany tekst: Adres naszej strony internetowej to: https:\/\/hdgallipoli.it. Uwagi Sugerowany tekst: Kiedy odwiedzaj\u0105cy zostawiaj\u0105 komentarze w witrynie, zbieramy dane widoczne w formularzu komentarzy, a tak\u017ce adres IP odwiedzaj\u0105cego i ci\u0105g agenta u\u017cytkownika przegl\u0105darki, aby pom\u00f3c w wykrywaniu spamu. Anonimizowany ci\u0105g utworzony z Twojego adresu e-mail (nazywany r\u00f3wnie\u017c hashem) mo\u017ce zosta\u0107 dostarczony do us\u0142ugi [&hellip;]\" \/>\n<meta property=\"og:url\" content=\"https:\/\/hdgallipoli.it\/pl\/privacy-policy\/\" \/>\n<meta property=\"og:site_name\" content=\"B&amp;b Happy Days Santa Maria al Bagno Golfo di Gallipoli\" \/>\n<meta property=\"article:publisher\" content=\"https:\/\/www.facebook.com\/share\/stJ3P4yQ6mY7ALnh\/\" \/>\n<meta property=\"article:modified_time\" content=\"2024-11-17T22:43:22+00:00\" \/>\n<meta property=\"og:image\" content=\"https:\/\/hdgallipoli.it\/wp-content\/uploads\/2025\/04\/BB-Happy-Days-piscina-vista-giardino-Porto-Selvaggio.jpg\" \/>\n\t<meta property=\"og:image:width\" content=\"750\" \/>\n\t<meta property=\"og:image:height\" content=\"507\" \/>\n\t<meta property=\"og:image:type\" content=\"image\/jpeg\" \/>\n<meta name=\"twitter:card\" content=\"summary_large_image\" \/>\n<meta name=\"twitter:label1\" content=\"Szacowany czas czytania\" \/>\n\t<meta name=\"twitter:data1\" content=\"4 minuty\" \/>\n<script type=\"application\/ld+json\" class=\"yoast-schema-graph\">{\"@context\":\"https:\\\/\\\/schema.org\",\"@graph\":[{\"@type\":\"WebPage\",\"@id\":\"https:\\\/\\\/hdgallipoli.it\\\/pl\\\/privacy-policy\\\/\",\"url\":\"https:\\\/\\\/hdgallipoli.it\\\/pl\\\/privacy-policy\\\/\",\"name\":\"Privacy Policy - B&amp;b Happy Days Santa Maria al Bagno Golfo di Gallipoli\",\"isPartOf\":{\"@id\":\"https:\\\/\\\/hdgallipoli.it\\\/pl\\\/#website\"},\"datePublished\":\"2024-10-26T07:46:29+00:00\",\"dateModified\":\"2024-11-17T22:43:22+00:00\",\"breadcrumb\":{\"@id\":\"https:\\\/\\\/hdgallipoli.it\\\/pl\\\/privacy-policy\\\/#breadcrumb\"},\"inLanguage\":\"pl-PL\",\"potentialAction\":[{\"@type\":\"ReadAction\",\"target\":[\"https:\\\/\\\/hdgallipoli.it\\\/pl\\\/privacy-policy\\\/\"]}]},{\"@type\":\"BreadcrumbList\",\"@id\":\"https:\\\/\\\/hdgallipoli.it\\\/pl\\\/privacy-policy\\\/#breadcrumb\",\"itemListElement\":[{\"@type\":\"ListItem\",\"position\":1,\"name\":\"Home\",\"item\":\"https:\\\/\\\/hdgallipoli.it\\\/pl\\\/\"},{\"@type\":\"ListItem\",\"position\":2,\"name\":\"Privacy Policy\"}]},{\"@type\":\"WebSite\",\"@id\":\"https:\\\/\\\/hdgallipoli.it\\\/pl\\\/#website\",\"url\":\"https:\\\/\\\/hdgallipoli.it\\\/pl\\\/\",\"name\":\"B&b Happy Days Santa Maria al Bagno\",\"description\":\"Bed and breakfast Santa Maria al Bagno\",\"publisher\":{\"@id\":\"https:\\\/\\\/hdgallipoli.it\\\/pl\\\/#organization\"},\"alternateName\":\"B&b Nard\u00f2\",\"potentialAction\":[{\"@type\":\"SearchAction\",\"target\":{\"@type\":\"EntryPoint\",\"urlTemplate\":\"https:\\\/\\\/hdgallipoli.it\\\/pl\\\/?s={search_term_string}\"},\"query-input\":{\"@type\":\"PropertyValueSpecification\",\"valueRequired\":true,\"valueName\":\"search_term_string\"}}],\"inLanguage\":\"pl-PL\"},{\"@type\":\"Organization\",\"@id\":\"https:\\\/\\\/hdgallipoli.it\\\/pl\\\/#organization\",\"name\":\"B&b Happy Days Santa Maria al Bagno\",\"alternateName\":\"B&b Happy Days Santa Maria al Bagno\",\"url\":\"https:\\\/\\\/hdgallipoli.it\\\/pl\\\/\",\"logo\":{\"@type\":\"ImageObject\",\"inLanguage\":\"pl-PL\",\"@id\":\"https:\\\/\\\/hdgallipoli.it\\\/pl\\\/#\\\/schema\\\/logo\\\/image\\\/\",\"url\":\"https:\\\/\\\/hdgallipoli.it\\\/wp-content\\\/uploads\\\/2024\\\/10\\\/cropped-BB-Santa-Maria-al-Bagno-vicino-Nardo-sul-Golfo-Gallipoli.png\",\"contentUrl\":\"https:\\\/\\\/hdgallipoli.it\\\/wp-content\\\/uploads\\\/2024\\\/10\\\/cropped-BB-Santa-Maria-al-Bagno-vicino-Nardo-sul-Golfo-Gallipoli.png\",\"width\":512,\"height\":512,\"caption\":\"B&b Happy Days Santa Maria al Bagno\"},\"image\":{\"@id\":\"https:\\\/\\\/hdgallipoli.it\\\/pl\\\/#\\\/schema\\\/logo\\\/image\\\/\"},\"sameAs\":[\"https:\\\/\\\/www.facebook.com\\\/share\\\/stJ3P4yQ6mY7ALnh\\\/\"]}]}<\/script>\n<!-- \/ Yoast SEO plugin. -->","yoast_head_json":{"title":"Privacy Policy - B&amp;b Happy Days Santa Maria al Bagno Golfo di Gallipoli","robots":{"index":"index","follow":"follow","max-snippet":"max-snippet:-1","max-image-preview":"max-image-preview:large","max-video-preview":"max-video-preview:-1"},"canonical":"https:\/\/hdgallipoli.it\/pl\/privacy-policy\/","og_locale":"pl_PL","og_type":"article","og_title":"Privacy Policy - B&amp;b Happy Days Santa Maria al Bagno Golfo di Gallipoli","og_description":"Kim jeste\u015bmy Proponowany tekst: Adres naszej strony internetowej to: https:\/\/hdgallipoli.it. Uwagi Sugerowany tekst: Kiedy odwiedzaj\u0105cy zostawiaj\u0105 komentarze w witrynie, zbieramy dane widoczne w formularzu komentarzy, a tak\u017ce adres IP odwiedzaj\u0105cego i ci\u0105g agenta u\u017cytkownika przegl\u0105darki, aby pom\u00f3c w wykrywaniu spamu. Anonimizowany ci\u0105g utworzony z Twojego adresu e-mail (nazywany r\u00f3wnie\u017c hashem) mo\u017ce zosta\u0107 dostarczony do us\u0142ugi [&hellip;]","og_url":"https:\/\/hdgallipoli.it\/pl\/privacy-policy\/","og_site_name":"B&amp;b Happy Days Santa Maria al Bagno Golfo di Gallipoli","article_publisher":"https:\/\/www.facebook.com\/share\/stJ3P4yQ6mY7ALnh\/","article_modified_time":"2024-11-17T22:43:22+00:00","og_image":[{"width":750,"height":507,"url":"https:\/\/hdgallipoli.it\/wp-content\/uploads\/2025\/04\/BB-Happy-Days-piscina-vista-giardino-Porto-Selvaggio.jpg","type":"image\/jpeg"}],"twitter_card":"summary_large_image","twitter_misc":{"Szacowany czas czytania":"4 minuty"},"schema":{"@context":"https:\/\/schema.org","@graph":[{"@type":"WebPage","@id":"https:\/\/hdgallipoli.it\/pl\/privacy-policy\/","url":"https:\/\/hdgallipoli.it\/pl\/privacy-policy\/","name":"Privacy Policy - B&amp;b Happy Days Santa Maria al Bagno Golfo di Gallipoli","isPartOf":{"@id":"https:\/\/hdgallipoli.it\/pl\/#website"},"datePublished":"2024-10-26T07:46:29+00:00","dateModified":"2024-11-17T22:43:22+00:00","breadcrumb":{"@id":"https:\/\/hdgallipoli.it\/pl\/privacy-policy\/#breadcrumb"},"inLanguage":"pl-PL","potentialAction":[{"@type":"ReadAction","target":["https:\/\/hdgallipoli.it\/pl\/privacy-policy\/"]}]},{"@type":"BreadcrumbList","@id":"https:\/\/hdgallipoli.it\/pl\/privacy-policy\/#breadcrumb","itemListElement":[{"@type":"ListItem","position":1,"name":"Home","item":"https:\/\/hdgallipoli.it\/pl\/"},{"@type":"ListItem","position":2,"name":"Privacy Policy"}]},{"@type":"WebSite","@id":"https:\/\/hdgallipoli.it\/pl\/#website","url":"https:\/\/hdgallipoli.it\/pl\/","name":"B&b Happy Days Santa Maria al Bagno","description":"Bed and breakfast Santa Maria al Bagno","publisher":{"@id":"https:\/\/hdgallipoli.it\/pl\/#organization"},"alternateName":"B&b Nard\u00f2","potentialAction":[{"@type":"SearchAction","target":{"@type":"EntryPoint","urlTemplate":"https:\/\/hdgallipoli.it\/pl\/?s={search_term_string}"},"query-input":{"@type":"PropertyValueSpecification","valueRequired":true,"valueName":"search_term_string"}}],"inLanguage":"pl-PL"},{"@type":"Organization","@id":"https:\/\/hdgallipoli.it\/pl\/#organization","name":"B&b Happy Days Santa Maria al Bagno","alternateName":"B&b Happy Days Santa Maria al Bagno","url":"https:\/\/hdgallipoli.it\/pl\/","logo":{"@type":"ImageObject","inLanguage":"pl-PL","@id":"https:\/\/hdgallipoli.it\/pl\/#\/schema\/logo\/image\/","url":"https:\/\/hdgallipoli.it\/wp-content\/uploads\/2024\/10\/cropped-BB-Santa-Maria-al-Bagno-vicino-Nardo-sul-Golfo-Gallipoli.png","contentUrl":"https:\/\/hdgallipoli.it\/wp-content\/uploads\/2024\/10\/cropped-BB-Santa-Maria-al-Bagno-vicino-Nardo-sul-Golfo-Gallipoli.png","width":512,"height":512,"caption":"B&b Happy Days Santa Maria al Bagno"},"image":{"@id":"https:\/\/hdgallipoli.it\/pl\/#\/schema\/logo\/image\/"},"sameAs":["https:\/\/www.facebook.com\/share\/stJ3P4yQ6mY7ALnh\/"]}]}},"_links":{"self":[{"href":"https:\/\/hdgallipoli.it\/pl\/wp-json\/wp\/v2\/pages\/2972","targetHints":{"allow":["GET"]}}],"collection":[{"href":"https:\/\/hdgallipoli.it\/pl\/wp-json\/wp\/v2\/pages"}],"about":[{"href":"https:\/\/hdgallipoli.it\/pl\/wp-json\/wp\/v2\/types\/page"}],"author":[{"embeddable":true,"href":"https:\/\/hdgallipoli.it\/pl\/wp-json\/wp\/v2\/users\/1"}],"replies":[{"embeddable":true,"href":"https:\/\/hdgallipoli.it\/pl\/wp-json\/wp\/v2\/comments?post=2972"}],"version-history":[{"count":0,"href":"https:\/\/hdgallipoli.it\/pl\/wp-json\/wp\/v2\/pages\/2972\/revisions"}],"wp:attachment":[{"href":"https:\/\/hdgallipoli.it\/pl\/wp-json\/wp\/v2\/media?parent=2972"}],"curies":[{"name":"wp","href":"https:\/\/api.w.org\/{rel}","templated":true}]}}