{"id":7435,"date":"2025-01-17T09:48:00","date_gmt":"2025-01-17T09:48:00","guid":{"rendered":"https:\/\/hdgallipoli.it\/happy-days-rooms\/chambre-double\/"},"modified":"2026-02-08T17:44:10","modified_gmt":"2026-02-08T17:44:10","slug":"chambre-double","status":"publish","type":"product","link":"https:\/\/hdgallipoli.it\/fr\/prodotto\/chambre-double\/","title":{"rendered":"Chambre double avec balcon"},"content":{"rendered":"<p><img fetchpriority=\"high\" decoding=\"async\" class=\"alignnone size-medium wp-image-5914\" src=\"https:\/\/hdgallipoli.it\/wp-content\/uploads\/2025\/01\/Sunday-2-300x200.jpg\" alt=\"\" width=\"300\" height=\"200\" srcset=\"https:\/\/hdgallipoli.it\/wp-content\/uploads\/2025\/01\/Sunday-2-300x200.jpg 300w, https:\/\/hdgallipoli.it\/wp-content\/uploads\/2025\/01\/Sunday-2-scaled-600x400.jpg 600w, https:\/\/hdgallipoli.it\/wp-content\/uploads\/2025\/01\/Sunday-2-1024x683.jpg 1024w, https:\/\/hdgallipoli.it\/wp-content\/uploads\/2025\/01\/Sunday-2-768x512.jpg 768w, https:\/\/hdgallipoli.it\/wp-content\/uploads\/2025\/01\/Sunday-2-1536x1024.jpg 1536w, https:\/\/hdgallipoli.it\/wp-content\/uploads\/2025\/01\/Sunday-2-2048x1365.jpg 2048w, https:\/\/hdgallipoli.it\/wp-content\/uploads\/2025\/01\/Sunday-2-1170x780.jpg 1170w\" sizes=\"(max-width: 300px) 100vw, 300px\" \/><\/p>\n<p align=\"justify\">Elle dispose d\u2019une salle de bains avec douche, climatisation, TV, frigo et Wi-Fi gratuit. La chambre est situ\u00e9e au premier \u00e9tage. Sur demande et sous r\u00e9serve de disponibilit\u00e9 au moment de la r\u00e9servation, elle peut b\u00e9n\u00e9ficier de la kitchenette situ\u00e9e dans le couloir.<\/p>\n<p><button class=\"rrp-widget-open-modal\">R\u00c9SERVATION<\/button><\/p>\n<p><script type=\"text\/javascript\" src=\"https:\/\/www.bed-and-breakfast.it\/scripts\/widget\/widget_frm_camere.cfm?idstruttura=15079&#038;idregione=13&#038;l=fr\"><\/script><\/p>\n","protected":false},"excerpt":{"rendered":"<p style=\"font-weight: 400;\">Chambre double avec salle de bains et balcon. Elle dispose de la climatisation, TV, frigo et Wi-Fi gratuit. La chambre se trouve au premier \u00e9tage et y acc\u00e8de par un escalier. Au moment de la r\u00e9servation, il est possible de demander la disponibilit\u00e9 de la kitchenette en usage exclusif situ\u00e9e dans le couloir.<\/p>\n<p style=\"font-weight: 400;\">L\u2019acc\u00e8s au parking priv\u00e9 int\u00e9rieur se fait depuis le jardin o\u00f9 se trouvent la piscine et le gaz\u00e9bo pour les petits-d\u00e9jeuners.<\/p>\n<p><button class=\"rrp-widget-open-modal\">R\u00c9SERVATION<\/button><\/p>\n<p><script type=\"text\/javascript\" src=\"https:\/\/www.bed-and-breakfast.it\/scripts\/widget\/widget_frm_camere.cfm?idstruttura=15079&#038;idregione=13&#038;l=fr\"><\/script><\/p>\n","protected":false},"featured_media":5232,"template":"","meta":{"_crdt_document":""},"product_brand":[],"product_cat":[833],"product_tag":[],"class_list":{"0":"post-7435","1":"product","2":"type-product","3":"status-publish","4":"has-post-thumbnail","6":"product_cat-senza-categoria-fr","8":"first","9":"instock","10":"shipping-taxable","11":"product-type-simple"},"yoast_head":"<!-- This site is optimized with the Yoast SEO plugin v27.3 - https:\/\/yoast.com\/product\/yoast-seo-wordpress\/ -->\n<title>Chambre double<\/title>\n<meta name=\"description\" content=\"chambre double avec salle de bains et balcon. Elle dispose d&#039;une salle de bain avec douche, climatisation, t\u00e9l\u00e9vision, r\u00e9frig\u00e9rateur et wi-fi gratuit. B&amp;b Santa Maria al Bagno Nard\u00f2\" \/>\n<meta name=\"robots\" content=\"index, follow, max-snippet:-1, max-image-preview:large, max-video-preview:-1\" \/>\n<link rel=\"canonical\" href=\"https:\/\/hdgallipoli.it\/fr\/prodotto\/chambre-double\/\" \/>\n<meta property=\"og:locale\" content=\"fr_FR\" \/>\n<meta property=\"og:type\" content=\"article\" \/>\n<meta property=\"og:title\" content=\"Chambre double\" \/>\n<meta property=\"og:description\" content=\"chambre double avec salle de bains et balcon. Elle dispose d&#039;une salle de bain avec douche, climatisation, t\u00e9l\u00e9vision, r\u00e9frig\u00e9rateur et wi-fi gratuit. B&amp;b Santa Maria al Bagno Nard\u00f2\" \/>\n<meta property=\"og:url\" content=\"https:\/\/hdgallipoli.it\/fr\/prodotto\/chambre-double\/\" \/>\n<meta property=\"og:site_name\" content=\"B&amp;b Happy Days Santa Maria al Bagno Golfo di Gallipoli\" \/>\n<meta property=\"article:publisher\" content=\"https:\/\/www.facebook.com\/share\/stJ3P4yQ6mY7ALnh\/\" \/>\n<meta property=\"article:modified_time\" content=\"2026-02-08T17:44:10+00:00\" \/>\n<meta property=\"og:image\" content=\"https:\/\/hdgallipoli.it\/wp-content\/uploads\/2025\/01\/10.png\" \/>\n\t<meta property=\"og:image:width\" content=\"1600\" \/>\n\t<meta property=\"og:image:height\" content=\"1067\" \/>\n\t<meta property=\"og:image:type\" content=\"image\/png\" \/>\n<meta name=\"twitter:card\" content=\"summary_large_image\" \/>\n<meta name=\"twitter:label1\" content=\"Dur\u00e9e de lecture estim\u00e9e\" \/>\n\t<meta name=\"twitter:data1\" content=\"1 minute\" \/>\n<script type=\"application\/ld+json\" class=\"yoast-schema-graph\">{\"@context\":\"https:\\\/\\\/schema.org\",\"@graph\":[{\"@type\":\"WebPage\",\"@id\":\"https:\\\/\\\/hdgallipoli.it\\\/fr\\\/prodotto\\\/chambre-double\\\/\",\"url\":\"https:\\\/\\\/hdgallipoli.it\\\/fr\\\/prodotto\\\/chambre-double\\\/\",\"name\":\"Chambre double\",\"isPartOf\":{\"@id\":\"https:\\\/\\\/hdgallipoli.it\\\/fr\\\/#website\"},\"primaryImageOfPage\":{\"@id\":\"https:\\\/\\\/hdgallipoli.it\\\/fr\\\/prodotto\\\/chambre-double\\\/#primaryimage\"},\"image\":{\"@id\":\"https:\\\/\\\/hdgallipoli.it\\\/fr\\\/prodotto\\\/chambre-double\\\/#primaryimage\"},\"thumbnailUrl\":\"https:\\\/\\\/hdgallipoli.it\\\/wp-content\\\/uploads\\\/2025\\\/01\\\/10.png\",\"datePublished\":\"2025-01-17T09:48:00+00:00\",\"dateModified\":\"2026-02-08T17:44:10+00:00\",\"description\":\"chambre double avec salle de bains et balcon. Elle dispose d'une salle de bain avec douche, climatisation, t\u00e9l\u00e9vision, r\u00e9frig\u00e9rateur et wi-fi gratuit. B&b Santa Maria al Bagno Nard\u00f2\",\"breadcrumb\":{\"@id\":\"https:\\\/\\\/hdgallipoli.it\\\/fr\\\/prodotto\\\/chambre-double\\\/#breadcrumb\"},\"inLanguage\":\"fr-FR\",\"potentialAction\":[{\"@type\":\"ReadAction\",\"target\":[\"https:\\\/\\\/hdgallipoli.it\\\/fr\\\/prodotto\\\/chambre-double\\\/\"]}]},{\"@type\":\"ImageObject\",\"inLanguage\":\"fr-FR\",\"@id\":\"https:\\\/\\\/hdgallipoli.it\\\/fr\\\/prodotto\\\/chambre-double\\\/#primaryimage\",\"url\":\"https:\\\/\\\/hdgallipoli.it\\\/wp-content\\\/uploads\\\/2025\\\/01\\\/10.png\",\"contentUrl\":\"https:\\\/\\\/hdgallipoli.it\\\/wp-content\\\/uploads\\\/2025\\\/01\\\/10.png\",\"width\":1600,\"height\":1067},{\"@type\":\"BreadcrumbList\",\"@id\":\"https:\\\/\\\/hdgallipoli.it\\\/fr\\\/prodotto\\\/chambre-double\\\/#breadcrumb\",\"itemListElement\":[{\"@type\":\"ListItem\",\"position\":1,\"name\":\"Home\",\"item\":\"https:\\\/\\\/hdgallipoli.it\\\/fr\\\/home-2\\\/\"},{\"@type\":\"ListItem\",\"position\":2,\"name\":\"Produits\",\"item\":\"https:\\\/\\\/hdgallipoli.it\\\/fr\\\/shop\\\/\"},{\"@type\":\"ListItem\",\"position\":3,\"name\":\"Chambre double avec balcon\"}]},{\"@type\":\"WebSite\",\"@id\":\"https:\\\/\\\/hdgallipoli.it\\\/fr\\\/#website\",\"url\":\"https:\\\/\\\/hdgallipoli.it\\\/fr\\\/\",\"name\":\"B&b Happy Days Santa Maria al Bagno\",\"description\":\"Bed and breakfast Santa Maria al Bagno\",\"publisher\":{\"@id\":\"https:\\\/\\\/hdgallipoli.it\\\/fr\\\/#organization\"},\"alternateName\":\"B&b Nard\u00f2\",\"potentialAction\":[{\"@type\":\"SearchAction\",\"target\":{\"@type\":\"EntryPoint\",\"urlTemplate\":\"https:\\\/\\\/hdgallipoli.it\\\/fr\\\/?s={search_term_string}\"},\"query-input\":{\"@type\":\"PropertyValueSpecification\",\"valueRequired\":true,\"valueName\":\"search_term_string\"}}],\"inLanguage\":\"fr-FR\"},{\"@type\":\"Organization\",\"@id\":\"https:\\\/\\\/hdgallipoli.it\\\/fr\\\/#organization\",\"name\":\"B&b Happy Days Santa Maria al Bagno\",\"alternateName\":\"B&b Happy Days Santa Maria al Bagno\",\"url\":\"https:\\\/\\\/hdgallipoli.it\\\/fr\\\/\",\"logo\":{\"@type\":\"ImageObject\",\"inLanguage\":\"fr-FR\",\"@id\":\"https:\\\/\\\/hdgallipoli.it\\\/fr\\\/#\\\/schema\\\/logo\\\/image\\\/\",\"url\":\"https:\\\/\\\/hdgallipoli.it\\\/wp-content\\\/uploads\\\/2024\\\/10\\\/cropped-BB-Santa-Maria-al-Bagno-vicino-Nardo-sul-Golfo-Gallipoli.png\",\"contentUrl\":\"https:\\\/\\\/hdgallipoli.it\\\/wp-content\\\/uploads\\\/2024\\\/10\\\/cropped-BB-Santa-Maria-al-Bagno-vicino-Nardo-sul-Golfo-Gallipoli.png\",\"width\":512,\"height\":512,\"caption\":\"B&b Happy Days Santa Maria al Bagno\"},\"image\":{\"@id\":\"https:\\\/\\\/hdgallipoli.it\\\/fr\\\/#\\\/schema\\\/logo\\\/image\\\/\"},\"sameAs\":[\"https:\\\/\\\/www.facebook.com\\\/share\\\/stJ3P4yQ6mY7ALnh\\\/\"]}]}<\/script>\n<!-- \/ Yoast SEO plugin. -->","yoast_head_json":{"title":"Chambre double","description":"chambre double avec salle de bains et balcon. Elle dispose d'une salle de bain avec douche, climatisation, t\u00e9l\u00e9vision, r\u00e9frig\u00e9rateur et wi-fi gratuit. B&b Santa Maria al Bagno Nard\u00f2","robots":{"index":"index","follow":"follow","max-snippet":"max-snippet:-1","max-image-preview":"max-image-preview:large","max-video-preview":"max-video-preview:-1"},"canonical":"https:\/\/hdgallipoli.it\/fr\/prodotto\/chambre-double\/","og_locale":"fr_FR","og_type":"article","og_title":"Chambre double","og_description":"chambre double avec salle de bains et balcon. Elle dispose d'une salle de bain avec douche, climatisation, t\u00e9l\u00e9vision, r\u00e9frig\u00e9rateur et wi-fi gratuit. B&b Santa Maria al Bagno Nard\u00f2","og_url":"https:\/\/hdgallipoli.it\/fr\/prodotto\/chambre-double\/","og_site_name":"B&amp;b Happy Days Santa Maria al Bagno Golfo di Gallipoli","article_publisher":"https:\/\/www.facebook.com\/share\/stJ3P4yQ6mY7ALnh\/","article_modified_time":"2026-02-08T17:44:10+00:00","og_image":[{"width":1600,"height":1067,"url":"https:\/\/hdgallipoli.it\/wp-content\/uploads\/2025\/01\/10.png","type":"image\/png"}],"twitter_card":"summary_large_image","twitter_misc":{"Dur\u00e9e de lecture estim\u00e9e":"1 minute"},"schema":{"@context":"https:\/\/schema.org","@graph":[{"@type":"WebPage","@id":"https:\/\/hdgallipoli.it\/fr\/prodotto\/chambre-double\/","url":"https:\/\/hdgallipoli.it\/fr\/prodotto\/chambre-double\/","name":"Chambre double","isPartOf":{"@id":"https:\/\/hdgallipoli.it\/fr\/#website"},"primaryImageOfPage":{"@id":"https:\/\/hdgallipoli.it\/fr\/prodotto\/chambre-double\/#primaryimage"},"image":{"@id":"https:\/\/hdgallipoli.it\/fr\/prodotto\/chambre-double\/#primaryimage"},"thumbnailUrl":"https:\/\/hdgallipoli.it\/wp-content\/uploads\/2025\/01\/10.png","datePublished":"2025-01-17T09:48:00+00:00","dateModified":"2026-02-08T17:44:10+00:00","description":"chambre double avec salle de bains et balcon. Elle dispose d'une salle de bain avec douche, climatisation, t\u00e9l\u00e9vision, r\u00e9frig\u00e9rateur et wi-fi gratuit. B&b Santa Maria al Bagno Nard\u00f2","breadcrumb":{"@id":"https:\/\/hdgallipoli.it\/fr\/prodotto\/chambre-double\/#breadcrumb"},"inLanguage":"fr-FR","potentialAction":[{"@type":"ReadAction","target":["https:\/\/hdgallipoli.it\/fr\/prodotto\/chambre-double\/"]}]},{"@type":"ImageObject","inLanguage":"fr-FR","@id":"https:\/\/hdgallipoli.it\/fr\/prodotto\/chambre-double\/#primaryimage","url":"https:\/\/hdgallipoli.it\/wp-content\/uploads\/2025\/01\/10.png","contentUrl":"https:\/\/hdgallipoli.it\/wp-content\/uploads\/2025\/01\/10.png","width":1600,"height":1067},{"@type":"BreadcrumbList","@id":"https:\/\/hdgallipoli.it\/fr\/prodotto\/chambre-double\/#breadcrumb","itemListElement":[{"@type":"ListItem","position":1,"name":"Home","item":"https:\/\/hdgallipoli.it\/fr\/home-2\/"},{"@type":"ListItem","position":2,"name":"Produits","item":"https:\/\/hdgallipoli.it\/fr\/shop\/"},{"@type":"ListItem","position":3,"name":"Chambre double avec balcon"}]},{"@type":"WebSite","@id":"https:\/\/hdgallipoli.it\/fr\/#website","url":"https:\/\/hdgallipoli.it\/fr\/","name":"B&b Happy Days Santa Maria al Bagno","description":"Bed and breakfast Santa Maria al Bagno","publisher":{"@id":"https:\/\/hdgallipoli.it\/fr\/#organization"},"alternateName":"B&b Nard\u00f2","potentialAction":[{"@type":"SearchAction","target":{"@type":"EntryPoint","urlTemplate":"https:\/\/hdgallipoli.it\/fr\/?s={search_term_string}"},"query-input":{"@type":"PropertyValueSpecification","valueRequired":true,"valueName":"search_term_string"}}],"inLanguage":"fr-FR"},{"@type":"Organization","@id":"https:\/\/hdgallipoli.it\/fr\/#organization","name":"B&b Happy Days Santa Maria al Bagno","alternateName":"B&b Happy Days Santa Maria al Bagno","url":"https:\/\/hdgallipoli.it\/fr\/","logo":{"@type":"ImageObject","inLanguage":"fr-FR","@id":"https:\/\/hdgallipoli.it\/fr\/#\/schema\/logo\/image\/","url":"https:\/\/hdgallipoli.it\/wp-content\/uploads\/2024\/10\/cropped-BB-Santa-Maria-al-Bagno-vicino-Nardo-sul-Golfo-Gallipoli.png","contentUrl":"https:\/\/hdgallipoli.it\/wp-content\/uploads\/2024\/10\/cropped-BB-Santa-Maria-al-Bagno-vicino-Nardo-sul-Golfo-Gallipoli.png","width":512,"height":512,"caption":"B&b Happy Days Santa Maria al Bagno"},"image":{"@id":"https:\/\/hdgallipoli.it\/fr\/#\/schema\/logo\/image\/"},"sameAs":["https:\/\/www.facebook.com\/share\/stJ3P4yQ6mY7ALnh\/"]}]}},"_links":{"self":[{"href":"https:\/\/hdgallipoli.it\/fr\/wp-json\/wp\/v2\/product\/7435","targetHints":{"allow":["GET"]}}],"collection":[{"href":"https:\/\/hdgallipoli.it\/fr\/wp-json\/wp\/v2\/product"}],"about":[{"href":"https:\/\/hdgallipoli.it\/fr\/wp-json\/wp\/v2\/types\/product"}],"wp:featuredmedia":[{"embeddable":true,"href":"https:\/\/hdgallipoli.it\/fr\/wp-json\/wp\/v2\/media\/5232"}],"wp:attachment":[{"href":"https:\/\/hdgallipoli.it\/fr\/wp-json\/wp\/v2\/media?parent=7435"}],"wp:term":[{"taxonomy":"product_brand","embeddable":true,"href":"https:\/\/hdgallipoli.it\/fr\/wp-json\/wp\/v2\/product_brand?post=7435"},{"taxonomy":"product_cat","embeddable":true,"href":"https:\/\/hdgallipoli.it\/fr\/wp-json\/wp\/v2\/product_cat?post=7435"},{"taxonomy":"product_tag","embeddable":true,"href":"https:\/\/hdgallipoli.it\/fr\/wp-json\/wp\/v2\/product_tag?post=7435"}],"curies":[{"name":"wp","href":"https:\/\/api.w.org\/{rel}","templated":true}]}}