{"id":2871,"date":"2024-10-26T13:15:47","date_gmt":"2024-10-26T13:15:47","guid":{"rendered":"https:\/\/hdgallipoli.it\/contatti\/"},"modified":"2025-02-19T09:06:18","modified_gmt":"2025-02-19T09:06:18","slug":"contact","status":"publish","type":"page","link":"https:\/\/hdgallipoli.it\/fr\/contact\/","title":{"rendered":"CONTACTS"},"content":{"rendered":"\t\t<div data-elementor-type=\"wp-page\" data-elementor-id=\"2871\" class=\"elementor elementor-2871 elementor-357\" data-elementor-post-type=\"page\">\n\t\t\t\t<div class=\"elementor-element elementor-element-55fbb66 e-con-full e-flex e-con e-parent\" data-id=\"55fbb66\" data-element_type=\"container\" data-e-type=\"container\" data-settings=\"{&quot;background_background&quot;:&quot;classic&quot;,&quot;ekit_has_onepagescroll_dot&quot;:&quot;yes&quot;}\">\n\t\t\t\t<\/div>\n\t\t<div class=\"elementor-element elementor-element-11d86e8 e-flex e-con-boxed e-con e-parent\" data-id=\"11d86e8\" data-element_type=\"container\" data-e-type=\"container\" data-settings=\"{&quot;ekit_has_onepagescroll_dot&quot;:&quot;yes&quot;}\">\n\t\t\t\t\t<div class=\"e-con-inner\">\n\t\t\t\t<div class=\"elementor-element elementor-element-40d65fb elementor-widget elementor-widget-text-editor\" data-id=\"40d65fb\" data-element_type=\"widget\" data-e-type=\"widget\" data-settings=\"{&quot;ekit_we_effect_on&quot;:&quot;none&quot;}\" data-widget_type=\"text-editor.default\">\n\t\t\t\t<div class=\"elementor-widget-container\">\n\t\t\t\t\t\t\t\t\t<p>D\u00e9couvrez l&rsquo;hospitalit\u00e9 de notre <a href=\"https:\/\/hdgallipoli.it\/fr\/\">B&amp;B \u00e0 Santa Maria al Bagno<\/a>: confort, petits d\u00e9jeuners d\u00e9licieux et emplacement strat\u00e9gique au c\u0153ur du Salento !<\/p>\n\t\t\t\t\t\t\t\t<\/div>\n\t\t\t\t<\/div>\n\t\t\t\t\t<\/div>\n\t\t\t\t<\/div>\n\t\t<div class=\"elementor-element elementor-element-8ed61dc e-flex e-con-boxed e-con e-parent\" data-id=\"8ed61dc\" data-element_type=\"container\" data-e-type=\"container\" data-settings=\"{&quot;ekit_has_onepagescroll_dot&quot;:&quot;yes&quot;}\">\n\t\t\t\t\t<div class=\"e-con-inner\">\n\t\t<div class=\"elementor-element elementor-element-041d4b5 e-con-full e-flex e-con e-child\" data-id=\"041d4b5\" data-element_type=\"container\" data-e-type=\"container\" data-settings=\"{&quot;ekit_has_onepagescroll_dot&quot;:&quot;yes&quot;}\">\n\t\t<div class=\"elementor-element elementor-element-42836cf e-con-full e-flex e-con e-child\" data-id=\"42836cf\" data-element_type=\"container\" data-e-type=\"container\" data-settings=\"{&quot;ekit_has_onepagescroll_dot&quot;:&quot;yes&quot;}\">\n\t\t\t\t<div class=\"elementor-element elementor-element-5e7f511 elementor-position-inline-start elementor-view-default elementor-mobile-position-block-start elementor-widget elementor-widget-icon-box\" data-id=\"5e7f511\" data-element_type=\"widget\" data-e-type=\"widget\" data-settings=\"{&quot;ekit_we_effect_on&quot;:&quot;none&quot;}\" data-widget_type=\"icon-box.default\">\n\t\t\t\t<div class=\"elementor-widget-container\">\n\t\t\t\t\t\t\t<div class=\"elementor-icon-box-wrapper\">\n\n\t\t\t\t\t\t<div class=\"elementor-icon-box-icon\">\n\t\t\t\t<span  class=\"elementor-icon\">\n\t\t\t\t<svg aria-hidden=\"true\" class=\"e-font-icon-svg e-fas-phone-alt\" viewBox=\"0 0 512 512\" xmlns=\"http:\/\/www.w3.org\/2000\/svg\"><path d=\"M497.39 361.8l-112-48a24 24 0 0 0-28 6.9l-49.6 60.6A370.66 370.66 0 0 1 130.6 204.11l60.6-49.6a23.94 23.94 0 0 0 6.9-28l-48-112A24.16 24.16 0 0 0 122.6.61l-104 24A24 24 0 0 0 0 48c0 256.5 207.9 464 464 464a24 24 0 0 0 23.4-18.6l24-104a24.29 24.29 0 0 0-14.01-27.6z\"><\/path><\/svg>\t\t\t\t<\/span>\n\t\t\t<\/div>\n\t\t\t\n\t\t\t\t\t\t<div class=\"elementor-icon-box-content\">\n\n\t\t\t\t\t\t\t\t\t<h3 class=\"elementor-icon-box-title\">\n\t\t\t\t\t\t<span  >\n\t\t\t\t\t\t\tADRESSE\t\t\t\t\t\t<\/span>\n\t\t\t\t\t<\/h3>\n\t\t\t\t\n\t\t\t\t\t\t\t\t\t<p class=\"elementor-icon-box-description\">\n\t\t\t\t\t\tStrada Santa Maria n. 137 - Santa Maria al Bagno - Nard\u00f2 - Province de Lecce   \t\t\t\t\t<\/p>\n\t\t\t\t\n\t\t\t<\/div>\n\t\t\t\n\t\t<\/div>\n\t\t\t\t\t\t<\/div>\n\t\t\t\t<\/div>\n\t\t\t\t<\/div>\n\t\t\t\t<\/div>\n\t\t<div class=\"elementor-element elementor-element-b6e5a55 e-con-full e-flex e-con e-child\" data-id=\"b6e5a55\" data-element_type=\"container\" data-e-type=\"container\" data-settings=\"{&quot;ekit_has_onepagescroll_dot&quot;:&quot;yes&quot;}\">\n\t\t<div class=\"elementor-element elementor-element-004145d e-con-full e-flex e-con e-child\" data-id=\"004145d\" data-element_type=\"container\" data-e-type=\"container\" data-settings=\"{&quot;ekit_has_onepagescroll_dot&quot;:&quot;yes&quot;}\">\n\t\t\t\t<div class=\"elementor-element elementor-element-1b09b6c elementor-widget elementor-widget-heading\" data-id=\"1b09b6c\" data-element_type=\"widget\" data-e-type=\"widget\" data-settings=\"{&quot;ekit_we_effect_on&quot;:&quot;none&quot;}\" data-widget_type=\"heading.default\">\n\t\t\t\t<div class=\"elementor-widget-container\">\n\t\t\t\t\t<h2 class=\"elementor-heading-title elementor-size-default\">CONTACTS  <\/h2>\t\t\t\t<\/div>\n\t\t\t\t<\/div>\n\t\t\t\t<div class=\"elementor-element elementor-element-87502bd elementor-widget-divider--view-line elementor-widget elementor-widget-divider\" data-id=\"87502bd\" data-element_type=\"widget\" data-e-type=\"widget\" data-settings=\"{&quot;ekit_we_effect_on&quot;:&quot;none&quot;}\" data-widget_type=\"divider.default\">\n\t\t\t\t<div class=\"elementor-widget-container\">\n\t\t\t\t\t\t\t<div class=\"elementor-divider\">\n\t\t\t<span class=\"elementor-divider-separator\">\n\t\t\t\t\t\t<\/span>\n\t\t<\/div>\n\t\t\t\t\t\t<\/div>\n\t\t\t\t<\/div>\n\t\t\t\t<\/div>\n\t\t\t\t<\/div>\n\t\t<div class=\"elementor-element elementor-element-f4d9045 e-con-full e-flex e-con e-child\" data-id=\"f4d9045\" data-element_type=\"container\" data-e-type=\"container\" data-settings=\"{&quot;ekit_has_onepagescroll_dot&quot;:&quot;yes&quot;}\">\n\t\t\t\t<div class=\"elementor-element elementor-element-fb9f792 elementor-position-inline-start elementor-view-default elementor-mobile-position-block-start elementor-widget elementor-widget-icon-box\" data-id=\"fb9f792\" data-element_type=\"widget\" data-e-type=\"widget\" data-settings=\"{&quot;ekit_we_effect_on&quot;:&quot;none&quot;}\" data-widget_type=\"icon-box.default\">\n\t\t\t\t<div class=\"elementor-widget-container\">\n\t\t\t\t\t\t\t<div class=\"elementor-icon-box-wrapper\">\n\n\t\t\t\t\t\t<div class=\"elementor-icon-box-icon\">\n\t\t\t\t<span  class=\"elementor-icon\">\n\t\t\t\t<svg aria-hidden=\"true\" class=\"e-font-icon-svg e-fas-user-tie\" viewBox=\"0 0 448 512\" xmlns=\"http:\/\/www.w3.org\/2000\/svg\"><path d=\"M224 256c70.7 0 128-57.3 128-128S294.7 0 224 0 96 57.3 96 128s57.3 128 128 128zm95.8 32.6L272 480l-32-136 32-56h-96l32 56-32 136-47.8-191.4C56.9 292 0 350.3 0 422.4V464c0 26.5 21.5 48 48 48h352c26.5 0 48-21.5 48-48v-41.6c0-72.1-56.9-130.4-128.2-133.8z\"><\/path><\/svg>\t\t\t\t<\/span>\n\t\t\t<\/div>\n\t\t\t\n\t\t\t\t\t\t<div class=\"elementor-icon-box-content\">\n\n\t\t\t\t\t\t\t\t\t<h3 class=\"elementor-icon-box-title\">\n\t\t\t\t\t\t<span  >\n\t\t\t\t\t\t\tR\u00c9SERVATIONS\t\t\t\t\t\t<\/span>\n\t\t\t\t\t<\/h3>\n\t\t\t\t\n\t\t\t\t\t\t\t\t\t<p class=\"elementor-icon-box-description\">\n\t\t\t\t\t\t<br> Courriel : info@hdgallipoli.it T\u00e9l\u00e9phone : +39 0833 576531, - +39 339 4777280\t\t\t\t\t<\/p>\n\t\t\t\t\n\t\t\t<\/div>\n\t\t\t\n\t\t<\/div>\n\t\t\t\t\t\t<\/div>\n\t\t\t\t<\/div>\n\t\t\t\t<\/div>\n\t\t<div class=\"elementor-element elementor-element-e3f3b8f e-con-full e-flex e-con e-child\" data-id=\"e3f3b8f\" data-element_type=\"container\" data-e-type=\"container\" data-settings=\"{&quot;ekit_has_onepagescroll_dot&quot;:&quot;yes&quot;}\">\n\t\t\t\t<div class=\"elementor-element elementor-element-399f364 elementor-button-align-stretch elementor-widget elementor-widget-global elementor-global-6367 elementor-widget-form\" data-id=\"399f364\" data-element_type=\"widget\" data-e-type=\"widget\" data-settings=\"{&quot;step_next_label&quot;:&quot;Next&quot;,&quot;step_previous_label&quot;:&quot;Previous&quot;,&quot;button_width&quot;:&quot;100&quot;,&quot;step_type&quot;:&quot;number_text&quot;,&quot;step_icon_shape&quot;:&quot;circle&quot;,&quot;ekit_we_effect_on&quot;:&quot;none&quot;}\" data-widget_type=\"form.default\">\n\t\t\t\t<div class=\"elementor-widget-container\">\n\t\t\t\t\t\t\t<form class=\"elementor-form\" method=\"post\" name=\"New Form\" aria-label=\"New Form\">\n\t\t\t<input type=\"hidden\" name=\"post_id\" value=\"2871\"\/>\n\t\t\t<input type=\"hidden\" name=\"form_id\" value=\"399f364\"\/>\n\t\t\t<input type=\"hidden\" name=\"referer_title\" value=\"B&amp;b Happy Days  Santa Maria al Bagno Golfo di Gallipoli\" \/>\n\n\t\t\t\n\t\t\t<div class=\"elementor-form-fields-wrapper elementor-labels-above\">\n\t\t\t\t\t\t\t\t<div class=\"elementor-field-type-date elementor-field-group elementor-column elementor-field-group-name elementor-col-50 elementor-field-required elementor-mark-required\">\n\t\t\t\t\t\t\t\t\t\t\t\t<label for=\"form-field-name\" class=\"elementor-field-label\">\n\t\t\t\t\t\t\t\tArrivo\t\t\t\t\t\t\t<\/label>\n\t\t\t\t\t\t\n\t\t<input type=\"date\" name=\"form_fields[name]\" id=\"form-field-name\" class=\"elementor-field elementor-size-sm  elementor-field-textual elementor-date-field\" placeholder=\"Date\" required=\"required\" pattern=\"[0-9]{4}-[0-9]{2}-[0-9]{2}\">\n\t\t\t\t\t\t<\/div>\n\t\t\t\t\t\t\t\t<div class=\"elementor-field-type-date elementor-field-group elementor-column elementor-field-group-field_b92dfce elementor-col-50 elementor-field-required elementor-mark-required\">\n\t\t\t\t\t\t\t\t\t\t\t\t<label for=\"form-field-field_b92dfce\" class=\"elementor-field-label\">\n\t\t\t\t\t\t\t\tPartenza\t\t\t\t\t\t\t<\/label>\n\t\t\t\t\t\t\n\t\t<input type=\"date\" name=\"form_fields[field_b92dfce]\" id=\"form-field-field_b92dfce\" class=\"elementor-field elementor-size-sm  elementor-field-textual elementor-date-field\" placeholder=\"Last Day\" required=\"required\" pattern=\"[0-9]{4}-[0-9]{2}-[0-9]{2}\">\n\t\t\t\t\t\t<\/div>\n\t\t\t\t\t\t\t\t<div class=\"elementor-field-type-text elementor-field-group elementor-column elementor-field-group-field_94c10f3 elementor-col-50 elementor-field-required elementor-mark-required\">\n\t\t\t\t\t\t\t\t\t\t\t\t<label for=\"form-field-field_94c10f3\" class=\"elementor-field-label\">\n\t\t\t\t\t\t\t\tNome\t\t\t\t\t\t\t<\/label>\n\t\t\t\t\t\t\t\t\t\t\t\t\t\t<input size=\"1\" type=\"text\" name=\"form_fields[field_94c10f3]\" id=\"form-field-field_94c10f3\" class=\"elementor-field elementor-size-sm  elementor-field-textual\" placeholder=\"Full Name\" required=\"required\">\n\t\t\t\t\t\t\t\t\t\t\t<\/div>\n\t\t\t\t\t\t\t\t<div class=\"elementor-field-type-number elementor-field-group elementor-column elementor-field-group-number_people elementor-col-50 elementor-field-required elementor-mark-required\">\n\t\t\t\t\t\t\t\t\t\t\t\t<label for=\"form-field-number_people\" class=\"elementor-field-label\">\n\t\t\t\t\t\t\t\tNumero Persone\t\t\t\t\t\t\t<\/label>\n\t\t\t\t\t\t\t\t\t<input type=\"number\" name=\"form_fields[number_people]\" id=\"form-field-number_people\" class=\"elementor-field elementor-size-sm  elementor-field-textual\" placeholder=\"1 - 7\" required=\"required\" min=\"1\" max=\"7\" >\n\t\t\t\t\t\t<\/div>\n\t\t\t\t\t\t\t\t<div class=\"elementor-field-type-checkbox elementor-field-group elementor-column elementor-field-group-number_room elementor-col-100\">\n\t\t\t\t\t\t\t\t\t\t\t\t<label for=\"form-field-number_room\" class=\"elementor-field-label\">\n\t\t\t\t\t\t\t\tNumero Camere\t\t\t\t\t\t\t<\/label>\n\t\t\t\t\t\t<div class=\"elementor-field-subgroup  elementor-subgroup-inline\"><span class=\"elementor-field-option\"><input type=\"checkbox\" value=\"Camera Matrimoniale  (max. 2 persone)\" id=\"form-field-number_room-0\" name=\"form_fields[number_room][]\"> <label for=\"form-field-number_room-0\">Camera Matrimoniale  (max. 2 persone)<\/label><\/span><span class=\"elementor-field-option\"><input type=\"checkbox\" value=\"Camera Matrimoniale 2  (max. 2 persone)\" id=\"form-field-number_room-1\" name=\"form_fields[number_room][]\"> <label for=\"form-field-number_room-1\">Camera Matrimoniale 2  (max. 2 persone)<\/label><\/span><span class=\"elementor-field-option\"><input type=\"checkbox\" value=\"Camera Matrimoniale + Letto aggiuntivo (Max. 3 persone)\" id=\"form-field-number_room-2\" name=\"form_fields[number_room][]\"> <label for=\"form-field-number_room-2\">Camera Matrimoniale + Letto aggiuntivo (Max. 3 persone)<\/label><\/span><\/div>\t\t\t\t<\/div>\n\t\t\t\t\t\t\t\t<div class=\"elementor-field-type-tel elementor-field-group elementor-column elementor-field-group-field_52d5ef9 elementor-col-100\">\n\t\t\t\t\t\t\t\t\t\t\t\t<label for=\"form-field-field_52d5ef9\" class=\"elementor-field-label\">\n\t\t\t\t\t\t\t\tTelefono \t\t\t\t\t\t\t<\/label>\n\t\t\t\t\t\t\t\t<input size=\"1\" type=\"tel\" name=\"form_fields[field_52d5ef9]\" id=\"form-field-field_52d5ef9\" class=\"elementor-field elementor-size-sm  elementor-field-textual\" pattern=\"[0-9()#&amp;+*-=.]+\" title=\"Seuls les caract\u00e8res de num\u00e9ros de t\u00e9l\u00e9phone (#, -, *, etc.) sont accept\u00e9s.\">\n\n\t\t\t\t\t\t<\/div>\n\t\t\t\t\t\t\t\t<div class=\"elementor-field-type-email elementor-field-group elementor-column elementor-field-group-email elementor-col-100 elementor-field-required elementor-mark-required\">\n\t\t\t\t\t\t\t\t\t\t\t\t<label for=\"form-field-email\" class=\"elementor-field-label\">\n\t\t\t\t\t\t\t\tEmail\t\t\t\t\t\t\t<\/label>\n\t\t\t\t\t\t\t\t\t\t\t\t\t\t<input size=\"1\" type=\"email\" name=\"form_fields[email]\" id=\"form-field-email\" class=\"elementor-field elementor-size-sm  elementor-field-textual\" placeholder=\"Email\" required=\"required\">\n\t\t\t\t\t\t\t\t\t\t\t<\/div>\n\t\t\t\t\t\t\t\t<div class=\"elementor-field-type-checkbox elementor-field-group elementor-column elementor-field-group-field_addb0d7 elementor-col-100\">\n\t\t\t\t\t\t\t\t\t\t\t\t<label for=\"form-field-field_addb0d7\" class=\"elementor-field-label\">\n\t\t\t\t\t\t\t\tVerify email address\t\t\t\t\t\t\t<\/label>\n\t\t\t\t\t\t<div class=\"elementor-field-subgroup  \"><span class=\"elementor-field-option\"><input type=\"checkbox\" value=\"Verifica la tua email \" id=\"form-field-field_addb0d7-0\" name=\"form_fields[field_addb0d7]\"> <label for=\"form-field-field_addb0d7-0\">Verifica la tua email <\/label><\/span><\/div>\t\t\t\t<\/div>\n\t\t\t\t\t\t\t\t<div class=\"elementor-field-type-textarea elementor-field-group elementor-column elementor-field-group-field_29ab380 elementor-col-100\">\n\t\t\t\t\t\t\t\t\t\t\t\t<label for=\"form-field-field_29ab380\" class=\"elementor-field-label\">\n\t\t\t\t\t\t\t\tMessaggio\t\t\t\t\t\t\t<\/label>\n\t\t\t\t\t\t<textarea class=\"elementor-field-textual elementor-field  elementor-size-sm\" name=\"form_fields[field_29ab380]\" id=\"form-field-field_29ab380\" rows=\"4\" placeholder=\"Message\"><\/textarea>\t\t\t\t<\/div>\n\t\t\t\t\t\t\t\t<div class=\"elementor-field-type-recaptcha elementor-field-group elementor-column elementor-field-group-field_5fb7387 elementor-col-100\">\n\t\t\t\t\t<div class=\"elementor-field\" id=\"form-field-field_5fb7387\"><div class=\"elementor-g-recaptcha\" data-sitekey=\"6LexQ24qAAAAAMz4n-MPhuXI89tRBqPRA10xXjch\" data-type=\"v2_checkbox\" data-theme=\"light\" data-size=\"normal\"><\/div><\/div>\t\t\t\t<\/div>\n\t\t\t\t\t\t\t\t<div class=\"elementor-field-group elementor-column elementor-field-type-submit elementor-col-100 e-form__buttons\">\n\t\t\t\t\t<button class=\"elementor-button elementor-size-sm\" type=\"submit\">\n\t\t\t\t\t\t<span class=\"elementor-button-content-wrapper\">\n\t\t\t\t\t\t\t\t\t\t\t\t\t\t\t\t\t\t\t\t\t\t<span class=\"elementor-button-text\">Invio Richiesta<\/span>\n\t\t\t\t\t\t\t\t\t\t\t\t\t<\/span>\n\t\t\t\t\t<\/button>\n\t\t\t\t<\/div>\n\t\t\t<\/div>\n\t\t<\/form>\n\t\t\t\t\t\t<\/div>\n\t\t\t\t<\/div>\n\t\t\t\t<\/div>\n\t\t\t\t\t<\/div>\n\t\t\t\t<\/div>\n\t\t<div class=\"elementor-element elementor-element-75231f4 e-flex e-con-boxed e-con e-parent\" data-id=\"75231f4\" data-element_type=\"container\" data-e-type=\"container\" data-settings=\"{&quot;ekit_has_onepagescroll_dot&quot;:&quot;yes&quot;}\">\n\t\t\t\t\t<div class=\"e-con-inner\">\n\t\t\t\t\t<\/div>\n\t\t\t\t<\/div>\n\t\t\t\t<\/div>\n\t\t","protected":false},"excerpt":{"rendered":"<p>D\u00e9couvrez l&rsquo;hospitalit\u00e9 de notre B&amp;B \u00e0 Santa Maria al Bagno: confort, petits d\u00e9jeuners d\u00e9licieux et emplacement strat\u00e9gique au c\u0153ur du Salento ! ADRESSE Strada Santa Maria n. 137 &#8211; Santa Maria al Bagno &#8211; Nard\u00f2 &#8211; Province de Lecce CONTACTS R\u00c9SERVATIONS Courriel : info@hdgallipoli.it T\u00e9l\u00e9phone : +39 0833 576531, &#8211; +39 339 4777280<\/p>\n","protected":false},"author":1,"featured_media":0,"parent":0,"menu_order":0,"comment_status":"closed","ping_status":"closed","template":"elementor_header_footer","meta":{"_crdt_document":"","footnotes":""},"class_list":["post-2871","page","type-page","status-publish","hentry"],"yoast_head":"<!-- This site is optimized with the Yoast SEO plugin v27.3 - https:\/\/yoast.com\/product\/yoast-seo-wordpress\/ -->\n<title>CONTACTS - B&amp;b Happy Days Santa Maria al Bagno Golfo di Gallipoli<\/title>\n<meta name=\"description\" content=\"Contactez-nous pour r\u00e9server votre s\u00e9jour dans notre B&amp;B \u00e0 Santa Maria al Bagno. Nous sommes \u00e0 Strada Santa Maria n. 137, Nard\u00f2 (LE). \u00c9crivez-nous \u00e0 info@hdgallipoli.it ou appelez-nous au +39 0833 576531 \/ +39 339 4777280 pour obtenir des informations et conna\u00eetre les disponibilit\u00e9s !\" \/>\n<meta name=\"robots\" content=\"index, follow, max-snippet:-1, max-image-preview:large, max-video-preview:-1\" \/>\n<link rel=\"canonical\" href=\"https:\/\/hdgallipoli.it\/fr\/contact\/\" \/>\n<meta property=\"og:locale\" content=\"fr_FR\" \/>\n<meta property=\"og:type\" content=\"article\" \/>\n<meta property=\"og:title\" content=\"CONTACTS - B&amp;b Happy Days Santa Maria al Bagno Golfo di Gallipoli\" \/>\n<meta property=\"og:description\" content=\"Contactez-nous pour r\u00e9server votre s\u00e9jour dans notre B&amp;B \u00e0 Santa Maria al Bagno. Nous sommes \u00e0 Strada Santa Maria n. 137, Nard\u00f2 (LE). \u00c9crivez-nous \u00e0 info@hdgallipoli.it ou appelez-nous au +39 0833 576531 \/ +39 339 4777280 pour obtenir des informations et conna\u00eetre les disponibilit\u00e9s !\" \/>\n<meta property=\"og:url\" content=\"https:\/\/hdgallipoli.it\/fr\/contact\/\" \/>\n<meta property=\"og:site_name\" content=\"B&amp;b Happy Days Santa Maria al Bagno Golfo di Gallipoli\" \/>\n<meta property=\"article:publisher\" content=\"https:\/\/www.facebook.com\/share\/stJ3P4yQ6mY7ALnh\/\" \/>\n<meta property=\"article:modified_time\" content=\"2025-02-19T09:06:18+00:00\" \/>\n<meta property=\"og:image\" content=\"https:\/\/hdgallipoli.it\/wp-content\/uploads\/2025\/04\/BB-Happy-Days-piscina-vista-giardino-Porto-Selvaggio.jpg\" \/>\n\t<meta property=\"og:image:width\" content=\"750\" \/>\n\t<meta property=\"og:image:height\" content=\"507\" \/>\n\t<meta property=\"og:image:type\" content=\"image\/jpeg\" \/>\n<meta name=\"twitter:card\" content=\"summary_large_image\" \/>\n<meta name=\"twitter:label1\" content=\"Dur\u00e9e de lecture estim\u00e9e\" \/>\n\t<meta name=\"twitter:data1\" content=\"1 minute\" \/>\n<script type=\"application\/ld+json\" class=\"yoast-schema-graph\">{\"@context\":\"https:\\\/\\\/schema.org\",\"@graph\":[{\"@type\":\"WebPage\",\"@id\":\"https:\\\/\\\/hdgallipoli.it\\\/fr\\\/contact\\\/\",\"url\":\"https:\\\/\\\/hdgallipoli.it\\\/fr\\\/contact\\\/\",\"name\":\"CONTACTS - B&amp;b Happy Days Santa Maria al Bagno Golfo di Gallipoli\",\"isPartOf\":{\"@id\":\"https:\\\/\\\/hdgallipoli.it\\\/fr\\\/#website\"},\"datePublished\":\"2024-10-26T13:15:47+00:00\",\"dateModified\":\"2025-02-19T09:06:18+00:00\",\"description\":\"Contactez-nous pour r\u00e9server votre s\u00e9jour dans notre B&B \u00e0 Santa Maria al Bagno. Nous sommes \u00e0 Strada Santa Maria n. 137, Nard\u00f2 (LE). \u00c9crivez-nous \u00e0 info@hdgallipoli.it ou appelez-nous au +39 0833 576531 \\\/ +39 339 4777280 pour obtenir des informations et conna\u00eetre les disponibilit\u00e9s !\",\"breadcrumb\":{\"@id\":\"https:\\\/\\\/hdgallipoli.it\\\/fr\\\/contact\\\/#breadcrumb\"},\"inLanguage\":\"fr-FR\",\"potentialAction\":[{\"@type\":\"ReadAction\",\"target\":[\"https:\\\/\\\/hdgallipoli.it\\\/fr\\\/contact\\\/\"]}]},{\"@type\":\"BreadcrumbList\",\"@id\":\"https:\\\/\\\/hdgallipoli.it\\\/fr\\\/contact\\\/#breadcrumb\",\"itemListElement\":[{\"@type\":\"ListItem\",\"position\":1,\"name\":\"Home\",\"item\":\"https:\\\/\\\/hdgallipoli.it\\\/fr\\\/home-2\\\/\"},{\"@type\":\"ListItem\",\"position\":2,\"name\":\"CONTACTS\"}]},{\"@type\":\"WebSite\",\"@id\":\"https:\\\/\\\/hdgallipoli.it\\\/fr\\\/#website\",\"url\":\"https:\\\/\\\/hdgallipoli.it\\\/fr\\\/\",\"name\":\"B&b Happy Days Santa Maria al Bagno\",\"description\":\"Bed and breakfast Santa Maria al Bagno\",\"publisher\":{\"@id\":\"https:\\\/\\\/hdgallipoli.it\\\/fr\\\/#organization\"},\"alternateName\":\"B&b Nard\u00f2\",\"potentialAction\":[{\"@type\":\"SearchAction\",\"target\":{\"@type\":\"EntryPoint\",\"urlTemplate\":\"https:\\\/\\\/hdgallipoli.it\\\/fr\\\/?s={search_term_string}\"},\"query-input\":{\"@type\":\"PropertyValueSpecification\",\"valueRequired\":true,\"valueName\":\"search_term_string\"}}],\"inLanguage\":\"fr-FR\"},{\"@type\":\"Organization\",\"@id\":\"https:\\\/\\\/hdgallipoli.it\\\/fr\\\/#organization\",\"name\":\"B&b Happy Days Santa Maria al Bagno\",\"alternateName\":\"B&b Happy Days Santa Maria al Bagno\",\"url\":\"https:\\\/\\\/hdgallipoli.it\\\/fr\\\/\",\"logo\":{\"@type\":\"ImageObject\",\"inLanguage\":\"fr-FR\",\"@id\":\"https:\\\/\\\/hdgallipoli.it\\\/fr\\\/#\\\/schema\\\/logo\\\/image\\\/\",\"url\":\"https:\\\/\\\/hdgallipoli.it\\\/wp-content\\\/uploads\\\/2024\\\/10\\\/cropped-BB-Santa-Maria-al-Bagno-vicino-Nardo-sul-Golfo-Gallipoli.png\",\"contentUrl\":\"https:\\\/\\\/hdgallipoli.it\\\/wp-content\\\/uploads\\\/2024\\\/10\\\/cropped-BB-Santa-Maria-al-Bagno-vicino-Nardo-sul-Golfo-Gallipoli.png\",\"width\":512,\"height\":512,\"caption\":\"B&b Happy Days Santa Maria al Bagno\"},\"image\":{\"@id\":\"https:\\\/\\\/hdgallipoli.it\\\/fr\\\/#\\\/schema\\\/logo\\\/image\\\/\"},\"sameAs\":[\"https:\\\/\\\/www.facebook.com\\\/share\\\/stJ3P4yQ6mY7ALnh\\\/\"]}]}<\/script>\n<!-- \/ Yoast SEO plugin. -->","yoast_head_json":{"title":"CONTACTS - B&amp;b Happy Days Santa Maria al Bagno Golfo di Gallipoli","description":"Contactez-nous pour r\u00e9server votre s\u00e9jour dans notre B&B \u00e0 Santa Maria al Bagno. Nous sommes \u00e0 Strada Santa Maria n. 137, Nard\u00f2 (LE). \u00c9crivez-nous \u00e0 info@hdgallipoli.it ou appelez-nous au +39 0833 576531 \/ +39 339 4777280 pour obtenir des informations et conna\u00eetre les disponibilit\u00e9s !","robots":{"index":"index","follow":"follow","max-snippet":"max-snippet:-1","max-image-preview":"max-image-preview:large","max-video-preview":"max-video-preview:-1"},"canonical":"https:\/\/hdgallipoli.it\/fr\/contact\/","og_locale":"fr_FR","og_type":"article","og_title":"CONTACTS - B&amp;b Happy Days Santa Maria al Bagno Golfo di Gallipoli","og_description":"Contactez-nous pour r\u00e9server votre s\u00e9jour dans notre B&B \u00e0 Santa Maria al Bagno. Nous sommes \u00e0 Strada Santa Maria n. 137, Nard\u00f2 (LE). \u00c9crivez-nous \u00e0 info@hdgallipoli.it ou appelez-nous au +39 0833 576531 \/ +39 339 4777280 pour obtenir des informations et conna\u00eetre les disponibilit\u00e9s !","og_url":"https:\/\/hdgallipoli.it\/fr\/contact\/","og_site_name":"B&amp;b Happy Days Santa Maria al Bagno Golfo di Gallipoli","article_publisher":"https:\/\/www.facebook.com\/share\/stJ3P4yQ6mY7ALnh\/","article_modified_time":"2025-02-19T09:06:18+00:00","og_image":[{"width":750,"height":507,"url":"https:\/\/hdgallipoli.it\/wp-content\/uploads\/2025\/04\/BB-Happy-Days-piscina-vista-giardino-Porto-Selvaggio.jpg","type":"image\/jpeg"}],"twitter_card":"summary_large_image","twitter_misc":{"Dur\u00e9e de lecture estim\u00e9e":"1 minute"},"schema":{"@context":"https:\/\/schema.org","@graph":[{"@type":"WebPage","@id":"https:\/\/hdgallipoli.it\/fr\/contact\/","url":"https:\/\/hdgallipoli.it\/fr\/contact\/","name":"CONTACTS - B&amp;b Happy Days Santa Maria al Bagno Golfo di Gallipoli","isPartOf":{"@id":"https:\/\/hdgallipoli.it\/fr\/#website"},"datePublished":"2024-10-26T13:15:47+00:00","dateModified":"2025-02-19T09:06:18+00:00","description":"Contactez-nous pour r\u00e9server votre s\u00e9jour dans notre B&B \u00e0 Santa Maria al Bagno. Nous sommes \u00e0 Strada Santa Maria n. 137, Nard\u00f2 (LE). \u00c9crivez-nous \u00e0 info@hdgallipoli.it ou appelez-nous au +39 0833 576531 \/ +39 339 4777280 pour obtenir des informations et conna\u00eetre les disponibilit\u00e9s !","breadcrumb":{"@id":"https:\/\/hdgallipoli.it\/fr\/contact\/#breadcrumb"},"inLanguage":"fr-FR","potentialAction":[{"@type":"ReadAction","target":["https:\/\/hdgallipoli.it\/fr\/contact\/"]}]},{"@type":"BreadcrumbList","@id":"https:\/\/hdgallipoli.it\/fr\/contact\/#breadcrumb","itemListElement":[{"@type":"ListItem","position":1,"name":"Home","item":"https:\/\/hdgallipoli.it\/fr\/home-2\/"},{"@type":"ListItem","position":2,"name":"CONTACTS"}]},{"@type":"WebSite","@id":"https:\/\/hdgallipoli.it\/fr\/#website","url":"https:\/\/hdgallipoli.it\/fr\/","name":"B&b Happy Days Santa Maria al Bagno","description":"Bed and breakfast Santa Maria al Bagno","publisher":{"@id":"https:\/\/hdgallipoli.it\/fr\/#organization"},"alternateName":"B&b Nard\u00f2","potentialAction":[{"@type":"SearchAction","target":{"@type":"EntryPoint","urlTemplate":"https:\/\/hdgallipoli.it\/fr\/?s={search_term_string}"},"query-input":{"@type":"PropertyValueSpecification","valueRequired":true,"valueName":"search_term_string"}}],"inLanguage":"fr-FR"},{"@type":"Organization","@id":"https:\/\/hdgallipoli.it\/fr\/#organization","name":"B&b Happy Days Santa Maria al Bagno","alternateName":"B&b Happy Days Santa Maria al Bagno","url":"https:\/\/hdgallipoli.it\/fr\/","logo":{"@type":"ImageObject","inLanguage":"fr-FR","@id":"https:\/\/hdgallipoli.it\/fr\/#\/schema\/logo\/image\/","url":"https:\/\/hdgallipoli.it\/wp-content\/uploads\/2024\/10\/cropped-BB-Santa-Maria-al-Bagno-vicino-Nardo-sul-Golfo-Gallipoli.png","contentUrl":"https:\/\/hdgallipoli.it\/wp-content\/uploads\/2024\/10\/cropped-BB-Santa-Maria-al-Bagno-vicino-Nardo-sul-Golfo-Gallipoli.png","width":512,"height":512,"caption":"B&b Happy Days Santa Maria al Bagno"},"image":{"@id":"https:\/\/hdgallipoli.it\/fr\/#\/schema\/logo\/image\/"},"sameAs":["https:\/\/www.facebook.com\/share\/stJ3P4yQ6mY7ALnh\/"]}]}},"_links":{"self":[{"href":"https:\/\/hdgallipoli.it\/fr\/wp-json\/wp\/v2\/pages\/2871","targetHints":{"allow":["GET"]}}],"collection":[{"href":"https:\/\/hdgallipoli.it\/fr\/wp-json\/wp\/v2\/pages"}],"about":[{"href":"https:\/\/hdgallipoli.it\/fr\/wp-json\/wp\/v2\/types\/page"}],"author":[{"embeddable":true,"href":"https:\/\/hdgallipoli.it\/fr\/wp-json\/wp\/v2\/users\/1"}],"replies":[{"embeddable":true,"href":"https:\/\/hdgallipoli.it\/fr\/wp-json\/wp\/v2\/comments?post=2871"}],"version-history":[{"count":0,"href":"https:\/\/hdgallipoli.it\/fr\/wp-json\/wp\/v2\/pages\/2871\/revisions"}],"wp:attachment":[{"href":"https:\/\/hdgallipoli.it\/fr\/wp-json\/wp\/v2\/media?parent=2871"}],"curies":[{"name":"wp","href":"https:\/\/api.w.org\/{rel}","templated":true}]}}