{"id":7434,"date":"2025-01-17T09:48:00","date_gmt":"2025-01-17T09:48:00","guid":{"rendered":"https:\/\/hdgallipoli.it\/happy-days-rooms\/habitacion-doble\/"},"modified":"2025-02-12T00:22:17","modified_gmt":"2025-02-12T00:22:17","slug":"habitacion-doble","status":"publish","type":"product","link":"https:\/\/hdgallipoli.it\/es\/prodotto\/habitacion-doble\/","title":{"rendered":"Habitaci\u00f3n Doble"},"content":{"rendered":"<p>&nbsp;<\/p>\n<p><img fetchpriority=\"high\" decoding=\"async\" class=\"alignnone size-medium wp-image-5914\" src=\"https:\/\/hdgallipoli.it\/wp-content\/uploads\/2025\/01\/Sunday-2-300x200.jpg\" alt=\"\" width=\"300\" height=\"200\" srcset=\"https:\/\/hdgallipoli.it\/wp-content\/uploads\/2025\/01\/Sunday-2-300x200.jpg 300w, https:\/\/hdgallipoli.it\/wp-content\/uploads\/2025\/01\/Sunday-2-scaled-600x400.jpg 600w, https:\/\/hdgallipoli.it\/wp-content\/uploads\/2025\/01\/Sunday-2-1024x683.jpg 1024w, https:\/\/hdgallipoli.it\/wp-content\/uploads\/2025\/01\/Sunday-2-768x512.jpg 768w, https:\/\/hdgallipoli.it\/wp-content\/uploads\/2025\/01\/Sunday-2-1536x1024.jpg 1536w, https:\/\/hdgallipoli.it\/wp-content\/uploads\/2025\/01\/Sunday-2-2048x1365.jpg 2048w, https:\/\/hdgallipoli.it\/wp-content\/uploads\/2025\/01\/Sunday-2-1170x780.jpg 1170w\" sizes=\"(max-width: 300px) 100vw, 300px\" \/><\/p>\n<p align=\"justify\"><span style=\"font-family: Verdana, serif;\"><span style=\"font-size: medium;\">Dormitorio doble con ba\u00f1o y balc\u00f3n. Dispone de ba\u00f1o con ducha, aire acondicionado, TV, nevera y wifi gratuito. Previa solicitud y sujeto a consultar disponibilidad al momento de realizar la reserva, podr\u00e1 tener acceso a la cocineta o cocineta ubicada en el pasillo. <\/span><\/span><\/p>\n<p align=\"justify\"><span style=\"font-family: Verdana, serif;\"><span style=\"font-size: medium;\">Al aparcamiento interior se accede desde el jard\u00edn donde se encuentran la piscina y el cenador para desayunar.<\/span><\/span><\/p>\n<p><button class=\"rrp-widget-open-modal\">RESERVA<\/button><\/p>\n<p><script type=\"text\/javascript\" src=\"https:\/\/www.bed-and-breakfast.it\/scripts\/widget\/widget_frm_camere.cfm?idstruttura=15079&#038;idregione=13&#038;l=es\"><\/script><\/p>\n","protected":false},"excerpt":{"rendered":"<p><img fetchpriority=\"high\" decoding=\"async\" class=\"alignnone size-medium wp-image-5914\" src=\"https:\/\/hdgallipoli.it\/wp-content\/uploads\/2025\/01\/Sunday-2-300x200.jpg\" alt=\"\" width=\"300\" height=\"200\" srcset=\"https:\/\/hdgallipoli.it\/wp-content\/uploads\/2025\/01\/Sunday-2-300x200.jpg 300w, https:\/\/hdgallipoli.it\/wp-content\/uploads\/2025\/01\/Sunday-2-scaled-600x400.jpg 600w, https:\/\/hdgallipoli.it\/wp-content\/uploads\/2025\/01\/Sunday-2-1024x683.jpg 1024w, https:\/\/hdgallipoli.it\/wp-content\/uploads\/2025\/01\/Sunday-2-768x512.jpg 768w, https:\/\/hdgallipoli.it\/wp-content\/uploads\/2025\/01\/Sunday-2-1536x1024.jpg 1536w, https:\/\/hdgallipoli.it\/wp-content\/uploads\/2025\/01\/Sunday-2-2048x1365.jpg 2048w, https:\/\/hdgallipoli.it\/wp-content\/uploads\/2025\/01\/Sunday-2-1170x780.jpg 1170w\" sizes=\"(max-width: 300px) 100vw, 300px\" \/><\/p>\n<p align=\"justify\"><span style=\"font-family: Verdana, serif;\"><span style=\"font-size: medium;\">Dormitorio doble con ba\u00f1o y balc\u00f3n. Dispone de ba\u00f1o con ducha, aire acondicionado, TV, nevera y wifi gratuito. Previa solicitud y sujeto a consultar disponibilidad al momento de realizar la reserva, podr\u00e1 tener acceso a la cocineta o cocineta ubicada en el pasillo. <\/span><\/span><\/p>\n<p align=\"justify\"><span style=\"font-family: Verdana, serif;\"><span style=\"font-size: medium;\">Al aparcamiento interior se accede desde el jard\u00edn donde se encuentran la piscina y el cenador para desayunar.<\/span><\/span><\/p>\n<p><button class=\"rrp-widget-open-modal\">RESERVA<\/button><\/p>\n<p><script type=\"text\/javascript\" src=\"https:\/\/www.bed-and-breakfast.it\/scripts\/widget\/widget_frm_camere.cfm?idstruttura=15079&#038;idregione=13&#038;l=es\"><\/script><\/p>\n","protected":false},"featured_media":5237,"template":"","meta":{"_crdt_document":""},"product_brand":[],"product_cat":[839],"product_tag":[],"class_list":{"0":"post-7434","1":"product","2":"type-product","3":"status-publish","4":"has-post-thumbnail","6":"product_cat-senza-categoria-es","8":"first","9":"instock","10":"shipping-taxable","11":"product-type-simple"},"yoast_head":"<!-- This site is optimized with the Yoast SEO plugin v27.4 - https:\/\/yoast.com\/product\/yoast-seo-wordpress\/ -->\n<title>Habitaci\u00f3n Doble<\/title>\n<meta name=\"description\" content=\"Dormitorio doble con ba\u00f1o y balc\u00f3n. Dispone de ba\u00f1o con ducha, aire acondicionado, TV, nevera y wifi gratuito. B&amp;b Santa Mar\u00eda al Bagno Nard\u00f2\" \/>\n<meta name=\"robots\" content=\"index, follow, max-snippet:-1, max-image-preview:large, max-video-preview:-1\" \/>\n<link rel=\"canonical\" href=\"https:\/\/hdgallipoli.it\/es\/prodotto\/habitacion-doble\/\" \/>\n<meta property=\"og:locale\" content=\"es_ES\" \/>\n<meta property=\"og:type\" content=\"article\" \/>\n<meta property=\"og:title\" content=\"Habitaci\u00f3n Doble\" \/>\n<meta property=\"og:description\" content=\"Dormitorio doble con ba\u00f1o y balc\u00f3n. Dispone de ba\u00f1o con ducha, aire acondicionado, TV, nevera y wifi gratuito. B&amp;b Santa Mar\u00eda al Bagno Nard\u00f2\" \/>\n<meta property=\"og:url\" content=\"https:\/\/hdgallipoli.it\/es\/prodotto\/habitacion-doble\/\" \/>\n<meta property=\"og:site_name\" content=\"B&amp;b Happy Days Santa Maria al Bagno Golfo di Gallipoli\" \/>\n<meta property=\"article:publisher\" content=\"https:\/\/www.facebook.com\/share\/stJ3P4yQ6mY7ALnh\/\" \/>\n<meta property=\"article:modified_time\" content=\"2025-02-12T00:22:17+00:00\" \/>\n<meta property=\"og:image\" content=\"https:\/\/hdgallipoli.it\/wp-content\/uploads\/2025\/01\/10.png\" \/>\n\t<meta property=\"og:image:width\" content=\"1600\" \/>\n\t<meta property=\"og:image:height\" content=\"1067\" \/>\n\t<meta property=\"og:image:type\" content=\"image\/png\" \/>\n<meta name=\"twitter:card\" content=\"summary_large_image\" \/>\n<meta name=\"twitter:label1\" content=\"Tiempo de lectura\" \/>\n\t<meta name=\"twitter:data1\" content=\"1 minuto\" \/>\n<script type=\"application\/ld+json\" class=\"yoast-schema-graph\">{\"@context\":\"https:\\\/\\\/schema.org\",\"@graph\":[{\"@type\":\"WebPage\",\"@id\":\"https:\\\/\\\/hdgallipoli.it\\\/es\\\/prodotto\\\/habitacion-doble\\\/\",\"url\":\"https:\\\/\\\/hdgallipoli.it\\\/es\\\/prodotto\\\/habitacion-doble\\\/\",\"name\":\"Habitaci\u00f3n Doble\",\"isPartOf\":{\"@id\":\"https:\\\/\\\/hdgallipoli.it\\\/es\\\/#website\"},\"primaryImageOfPage\":{\"@id\":\"https:\\\/\\\/hdgallipoli.it\\\/es\\\/prodotto\\\/habitacion-doble\\\/#primaryimage\"},\"image\":{\"@id\":\"https:\\\/\\\/hdgallipoli.it\\\/es\\\/prodotto\\\/habitacion-doble\\\/#primaryimage\"},\"thumbnailUrl\":\"https:\\\/\\\/hdgallipoli.it\\\/wp-content\\\/uploads\\\/2025\\\/01\\\/10.png\",\"datePublished\":\"2025-01-17T09:48:00+00:00\",\"dateModified\":\"2025-02-12T00:22:17+00:00\",\"description\":\"Dormitorio doble con ba\u00f1o y balc\u00f3n. Dispone de ba\u00f1o con ducha, aire acondicionado, TV, nevera y wifi gratuito. B&b Santa Mar\u00eda al Bagno Nard\u00f2\",\"breadcrumb\":{\"@id\":\"https:\\\/\\\/hdgallipoli.it\\\/es\\\/prodotto\\\/habitacion-doble\\\/#breadcrumb\"},\"inLanguage\":\"es\",\"potentialAction\":[{\"@type\":\"ReadAction\",\"target\":[\"https:\\\/\\\/hdgallipoli.it\\\/es\\\/prodotto\\\/habitacion-doble\\\/\"]}]},{\"@type\":\"ImageObject\",\"inLanguage\":\"es\",\"@id\":\"https:\\\/\\\/hdgallipoli.it\\\/es\\\/prodotto\\\/habitacion-doble\\\/#primaryimage\",\"url\":\"https:\\\/\\\/hdgallipoli.it\\\/wp-content\\\/uploads\\\/2025\\\/01\\\/10.png\",\"contentUrl\":\"https:\\\/\\\/hdgallipoli.it\\\/wp-content\\\/uploads\\\/2025\\\/01\\\/10.png\",\"width\":1600,\"height\":1067},{\"@type\":\"BreadcrumbList\",\"@id\":\"https:\\\/\\\/hdgallipoli.it\\\/es\\\/prodotto\\\/habitacion-doble\\\/#breadcrumb\",\"itemListElement\":[{\"@type\":\"ListItem\",\"position\":1,\"name\":\"Home\",\"item\":\"https:\\\/\\\/hdgallipoli.it\\\/es\\\/\"},{\"@type\":\"ListItem\",\"position\":2,\"name\":\"Productos\",\"item\":\"https:\\\/\\\/hdgallipoli.it\\\/es\\\/shop\\\/\"},{\"@type\":\"ListItem\",\"position\":3,\"name\":\"Habitaci\u00f3n Doble\"}]},{\"@type\":\"WebSite\",\"@id\":\"https:\\\/\\\/hdgallipoli.it\\\/es\\\/#website\",\"url\":\"https:\\\/\\\/hdgallipoli.it\\\/es\\\/\",\"name\":\"B&b Happy Days Santa Maria al Bagno\",\"description\":\"Bed and breakfast Santa Maria al Bagno\",\"publisher\":{\"@id\":\"https:\\\/\\\/hdgallipoli.it\\\/es\\\/#organization\"},\"alternateName\":\"B&b Nard\u00f2\",\"potentialAction\":[{\"@type\":\"SearchAction\",\"target\":{\"@type\":\"EntryPoint\",\"urlTemplate\":\"https:\\\/\\\/hdgallipoli.it\\\/es\\\/?s={search_term_string}\"},\"query-input\":{\"@type\":\"PropertyValueSpecification\",\"valueRequired\":true,\"valueName\":\"search_term_string\"}}],\"inLanguage\":\"es\"},{\"@type\":\"Organization\",\"@id\":\"https:\\\/\\\/hdgallipoli.it\\\/es\\\/#organization\",\"name\":\"B&b Happy Days Santa Maria al Bagno\",\"alternateName\":\"B&b Happy Days Santa Maria al Bagno\",\"url\":\"https:\\\/\\\/hdgallipoli.it\\\/es\\\/\",\"logo\":{\"@type\":\"ImageObject\",\"inLanguage\":\"es\",\"@id\":\"https:\\\/\\\/hdgallipoli.it\\\/es\\\/#\\\/schema\\\/logo\\\/image\\\/\",\"url\":\"https:\\\/\\\/hdgallipoli.it\\\/wp-content\\\/uploads\\\/2024\\\/10\\\/cropped-BB-Santa-Maria-al-Bagno-vicino-Nardo-sul-Golfo-Gallipoli.png\",\"contentUrl\":\"https:\\\/\\\/hdgallipoli.it\\\/wp-content\\\/uploads\\\/2024\\\/10\\\/cropped-BB-Santa-Maria-al-Bagno-vicino-Nardo-sul-Golfo-Gallipoli.png\",\"width\":512,\"height\":512,\"caption\":\"B&b Happy Days Santa Maria al Bagno\"},\"image\":{\"@id\":\"https:\\\/\\\/hdgallipoli.it\\\/es\\\/#\\\/schema\\\/logo\\\/image\\\/\"},\"sameAs\":[\"https:\\\/\\\/www.facebook.com\\\/share\\\/stJ3P4yQ6mY7ALnh\\\/\"]}]}<\/script>\n<!-- \/ Yoast SEO plugin. -->","yoast_head_json":{"title":"Habitaci\u00f3n Doble","description":"Dormitorio doble con ba\u00f1o y balc\u00f3n. Dispone de ba\u00f1o con ducha, aire acondicionado, TV, nevera y wifi gratuito. B&b Santa Mar\u00eda al Bagno Nard\u00f2","robots":{"index":"index","follow":"follow","max-snippet":"max-snippet:-1","max-image-preview":"max-image-preview:large","max-video-preview":"max-video-preview:-1"},"canonical":"https:\/\/hdgallipoli.it\/es\/prodotto\/habitacion-doble\/","og_locale":"es_ES","og_type":"article","og_title":"Habitaci\u00f3n Doble","og_description":"Dormitorio doble con ba\u00f1o y balc\u00f3n. Dispone de ba\u00f1o con ducha, aire acondicionado, TV, nevera y wifi gratuito. B&b Santa Mar\u00eda al Bagno Nard\u00f2","og_url":"https:\/\/hdgallipoli.it\/es\/prodotto\/habitacion-doble\/","og_site_name":"B&amp;b Happy Days Santa Maria al Bagno Golfo di Gallipoli","article_publisher":"https:\/\/www.facebook.com\/share\/stJ3P4yQ6mY7ALnh\/","article_modified_time":"2025-02-12T00:22:17+00:00","og_image":[{"width":1600,"height":1067,"url":"https:\/\/hdgallipoli.it\/wp-content\/uploads\/2025\/01\/10.png","type":"image\/png"}],"twitter_card":"summary_large_image","twitter_misc":{"Tiempo de lectura":"1 minuto"},"schema":{"@context":"https:\/\/schema.org","@graph":[{"@type":"WebPage","@id":"https:\/\/hdgallipoli.it\/es\/prodotto\/habitacion-doble\/","url":"https:\/\/hdgallipoli.it\/es\/prodotto\/habitacion-doble\/","name":"Habitaci\u00f3n Doble","isPartOf":{"@id":"https:\/\/hdgallipoli.it\/es\/#website"},"primaryImageOfPage":{"@id":"https:\/\/hdgallipoli.it\/es\/prodotto\/habitacion-doble\/#primaryimage"},"image":{"@id":"https:\/\/hdgallipoli.it\/es\/prodotto\/habitacion-doble\/#primaryimage"},"thumbnailUrl":"https:\/\/hdgallipoli.it\/wp-content\/uploads\/2025\/01\/10.png","datePublished":"2025-01-17T09:48:00+00:00","dateModified":"2025-02-12T00:22:17+00:00","description":"Dormitorio doble con ba\u00f1o y balc\u00f3n. Dispone de ba\u00f1o con ducha, aire acondicionado, TV, nevera y wifi gratuito. B&b Santa Mar\u00eda al Bagno Nard\u00f2","breadcrumb":{"@id":"https:\/\/hdgallipoli.it\/es\/prodotto\/habitacion-doble\/#breadcrumb"},"inLanguage":"es","potentialAction":[{"@type":"ReadAction","target":["https:\/\/hdgallipoli.it\/es\/prodotto\/habitacion-doble\/"]}]},{"@type":"ImageObject","inLanguage":"es","@id":"https:\/\/hdgallipoli.it\/es\/prodotto\/habitacion-doble\/#primaryimage","url":"https:\/\/hdgallipoli.it\/wp-content\/uploads\/2025\/01\/10.png","contentUrl":"https:\/\/hdgallipoli.it\/wp-content\/uploads\/2025\/01\/10.png","width":1600,"height":1067},{"@type":"BreadcrumbList","@id":"https:\/\/hdgallipoli.it\/es\/prodotto\/habitacion-doble\/#breadcrumb","itemListElement":[{"@type":"ListItem","position":1,"name":"Home","item":"https:\/\/hdgallipoli.it\/es\/"},{"@type":"ListItem","position":2,"name":"Productos","item":"https:\/\/hdgallipoli.it\/es\/shop\/"},{"@type":"ListItem","position":3,"name":"Habitaci\u00f3n Doble"}]},{"@type":"WebSite","@id":"https:\/\/hdgallipoli.it\/es\/#website","url":"https:\/\/hdgallipoli.it\/es\/","name":"B&b Happy Days Santa Maria al Bagno","description":"Bed and breakfast Santa Maria al Bagno","publisher":{"@id":"https:\/\/hdgallipoli.it\/es\/#organization"},"alternateName":"B&b Nard\u00f2","potentialAction":[{"@type":"SearchAction","target":{"@type":"EntryPoint","urlTemplate":"https:\/\/hdgallipoli.it\/es\/?s={search_term_string}"},"query-input":{"@type":"PropertyValueSpecification","valueRequired":true,"valueName":"search_term_string"}}],"inLanguage":"es"},{"@type":"Organization","@id":"https:\/\/hdgallipoli.it\/es\/#organization","name":"B&b Happy Days Santa Maria al Bagno","alternateName":"B&b Happy Days Santa Maria al Bagno","url":"https:\/\/hdgallipoli.it\/es\/","logo":{"@type":"ImageObject","inLanguage":"es","@id":"https:\/\/hdgallipoli.it\/es\/#\/schema\/logo\/image\/","url":"https:\/\/hdgallipoli.it\/wp-content\/uploads\/2024\/10\/cropped-BB-Santa-Maria-al-Bagno-vicino-Nardo-sul-Golfo-Gallipoli.png","contentUrl":"https:\/\/hdgallipoli.it\/wp-content\/uploads\/2024\/10\/cropped-BB-Santa-Maria-al-Bagno-vicino-Nardo-sul-Golfo-Gallipoli.png","width":512,"height":512,"caption":"B&b Happy Days Santa Maria al Bagno"},"image":{"@id":"https:\/\/hdgallipoli.it\/es\/#\/schema\/logo\/image\/"},"sameAs":["https:\/\/www.facebook.com\/share\/stJ3P4yQ6mY7ALnh\/"]}]}},"_links":{"self":[{"href":"https:\/\/hdgallipoli.it\/es\/wp-json\/wp\/v2\/product\/7434","targetHints":{"allow":["GET"]}}],"collection":[{"href":"https:\/\/hdgallipoli.it\/es\/wp-json\/wp\/v2\/product"}],"about":[{"href":"https:\/\/hdgallipoli.it\/es\/wp-json\/wp\/v2\/types\/product"}],"wp:featuredmedia":[{"embeddable":true,"href":"https:\/\/hdgallipoli.it\/es\/wp-json\/wp\/v2\/media\/5237"}],"wp:attachment":[{"href":"https:\/\/hdgallipoli.it\/es\/wp-json\/wp\/v2\/media?parent=7434"}],"wp:term":[{"taxonomy":"product_brand","embeddable":true,"href":"https:\/\/hdgallipoli.it\/es\/wp-json\/wp\/v2\/product_brand?post=7434"},{"taxonomy":"product_cat","embeddable":true,"href":"https:\/\/hdgallipoli.it\/es\/wp-json\/wp\/v2\/product_cat?post=7434"},{"taxonomy":"product_tag","embeddable":true,"href":"https:\/\/hdgallipoli.it\/es\/wp-json\/wp\/v2\/product_tag?post=7434"}],"curies":[{"name":"wp","href":"https:\/\/api.w.org\/{rel}","templated":true}]}}