{"id":7427,"date":"2025-01-18T00:17:39","date_gmt":"2025-01-18T00:17:39","guid":{"rendered":"https:\/\/hdgallipoli.it\/happy-days-rooms\/habitacion-doble-con-tercera-cama\/"},"modified":"2026-02-24T10:47:52","modified_gmt":"2026-02-24T10:47:52","slug":"habitacion-doble-con-tercera-cama","status":"publish","type":"product","link":"https:\/\/hdgallipoli.it\/es\/prodotto\/habitacion-doble-con-tercera-cama\/","title":{"rendered":"Habitaci\u00f3n doble con tercera cama."},"content":{"rendered":"<p><img fetchpriority=\"high\" decoding=\"async\" class=\"alignnone size-medium wp-image-5882\" src=\"https:\/\/hdgallipoli.it\/wp-content\/uploads\/2025\/01\/Monday-ritoc1-300x200.jpg\" alt=\"\" width=\"300\" height=\"200\" srcset=\"https:\/\/hdgallipoli.it\/wp-content\/uploads\/2025\/01\/Monday-ritoc1-300x200.jpg 300w, https:\/\/hdgallipoli.it\/wp-content\/uploads\/2025\/01\/Monday-ritoc1-600x400.jpg 600w, https:\/\/hdgallipoli.it\/wp-content\/uploads\/2025\/01\/Monday-ritoc1-1024x683.jpg 1024w, https:\/\/hdgallipoli.it\/wp-content\/uploads\/2025\/01\/Monday-ritoc1-768x512.jpg 768w, https:\/\/hdgallipoli.it\/wp-content\/uploads\/2025\/01\/Monday-ritoc1-1536x1024.jpg 1536w, https:\/\/hdgallipoli.it\/wp-content\/uploads\/2025\/01\/Monday-ritoc1-1170x780.jpg 1170w, https:\/\/hdgallipoli.it\/wp-content\/uploads\/2025\/01\/Monday-ritoc1.jpg 1620w\" sizes=\"(max-width: 300px) 100vw, 300px\" \/><\/p>\n<div class=\"bg-bianco padding-lg-md margin-b-md rounded\">\n<div class=\"colonna-base colonna-75 mediaquery-700 padding-l-md\">\n<div class=\"txtExpandibile_box txtExpandibile_descrizione lh-lg txtExpandibile_ffffff txt_status_open\" data-numerorighe=\"8\" data-paddingtoplink=\"10\" data-comportamento=\"mosnas\" data-testolink=\"mostra di pi\u00f9\" data-testolinknas=\"mostra di meno\" data-bgcolor=\"ffffff\">\n<p align=\"justify\">Las dos habitaciones dobles con ba\u00f1o y una tercera cama se encuentran:<br \/>\nuna en la planta baja con un espacio exterior privado cubierto por una logia;<br \/>\nla otra en la primera planta con un amplio balc\u00f3n. Los hu\u00e9spedes de esta habitaci\u00f3n pueden solicitar el uso exclusivo de la cocina americana en el pasillo al hacer la reserva.<br \/>\nEl aparcamiento de la habitaci\u00f3n de la planta baja se encuentra cerca de la entrada. Se<br \/>\npuede acceder al jard\u00edn, la piscina y el cenador de desayuno por un c\u00f3modo sendero.<\/p>\n<p><button class=\"rrp-widget-open-modal\">RESERVA<\/button><\/p>\n<p><script type=\"text\/javascript\" src=\"https:\/\/www.bed-and-breakfast.it\/scripts\/widget\/widget_frm_camere.cfm?idstruttura=15079&#038;idregione=13&#038;l=es\"><\/script><\/p>\n<\/div>\n<\/div>\n<\/div>\n","protected":false},"excerpt":{"rendered":"<p>&nbsp;<\/p>\n<div class=\"bg-bianco padding-lg-md margin-b-md rounded\">\n<div class=\"colonna-base colonna-75 mediaquery-700 padding-l-md\">\n<div class=\"txtExpandibile_box txtExpandibile_descrizione lh-lg txtExpandibile_ffffff txt_status_open\" data-numerorighe=\"8\" data-paddingtoplink=\"10\" data-comportamento=\"mosnas\" data-testolink=\"mostra di pi\u00f9\" data-testolinknas=\"mostra di meno\" data-bgcolor=\"ffffff\">\n<p align=\"justify\">Las dos habitaciones dobles con ba\u00f1o y una tercera cama se encuentran:<br \/>\nuna en la planta baja con un espacio exterior privado cubierto por una logia;<br \/>\nla otra en la primera planta con un amplio balc\u00f3n. Los hu\u00e9spedes de esta habitaci\u00f3n pueden solicitar el uso exclusivo de la cocina americana en el pasillo al hacer la reserva.<br \/>\nEl aparcamiento de la habitaci\u00f3n de la planta baja se encuentra cerca de la entrada. Se<br \/>\npuede acceder al jard\u00edn, la piscina y el cenador de desayuno por un c\u00f3modo sendero.<\/p>\n<p><button class=\"rrp-widget-open-modal\">RESERVA<\/button><\/p>\n<p><script type=\"text\/javascript\" src=\"https:\/\/www.bed-and-breakfast.it\/scripts\/widget\/widget_frm_camere.cfm?idstruttura=15079&#038;idregione=13&#038;l=es\"><\/script><\/p>\n<\/div>\n<\/div>\n<\/div>\n","protected":false},"featured_media":8809,"template":"","meta":{"_crdt_document":""},"product_brand":[],"product_cat":[839],"product_tag":[],"class_list":{"0":"post-7427","1":"product","2":"type-product","3":"status-publish","4":"has-post-thumbnail","6":"product_cat-senza-categoria-es","8":"first","9":"instock","10":"virtual","11":"product-type-simple"},"yoast_head":"<!-- This site is optimized with the Yoast SEO plugin v27.4 - https:\/\/yoast.com\/product\/yoast-seo-wordpress\/ -->\n<title>Habitaci\u00f3n doble con tercera cama.<\/title>\n<meta name=\"description\" content=\"Dormitorio doble con tercera cama y zona exterior cubierta por una logia. Dispone de ba\u00f1o con ducha, aire acondicionado, TV, nevera y wifi gratuito. nardo\" \/>\n<meta name=\"robots\" content=\"index, follow, max-snippet:-1, max-image-preview:large, max-video-preview:-1\" \/>\n<link rel=\"canonical\" href=\"https:\/\/hdgallipoli.it\/es\/prodotto\/habitacion-doble-con-tercera-cama\/\" \/>\n<meta property=\"og:locale\" content=\"es_ES\" \/>\n<meta property=\"og:type\" content=\"article\" \/>\n<meta property=\"og:title\" content=\"Habitaci\u00f3n doble con tercera cama.\" \/>\n<meta property=\"og:description\" content=\"Dormitorio doble con tercera cama y zona exterior cubierta por una logia. Dispone de ba\u00f1o con ducha, aire acondicionado, TV, nevera y wifi gratuito. nardo\" \/>\n<meta property=\"og:url\" content=\"https:\/\/hdgallipoli.it\/es\/prodotto\/habitacion-doble-con-tercera-cama\/\" \/>\n<meta property=\"og:site_name\" content=\"B&amp;b Happy Days Santa Maria al Bagno Golfo di Gallipoli\" \/>\n<meta property=\"article:publisher\" content=\"https:\/\/www.facebook.com\/share\/stJ3P4yQ6mY7ALnh\/\" \/>\n<meta property=\"article:modified_time\" content=\"2026-02-24T10:47:52+00:00\" \/>\n<meta property=\"og:image\" content=\"https:\/\/hdgallipoli.it\/wp-content\/uploads\/2025\/05\/BB-Nardo-Monday-letto-chiuso.jpg\" \/>\n\t<meta property=\"og:image:width\" content=\"2048\" \/>\n\t<meta property=\"og:image:height\" content=\"1365\" \/>\n\t<meta property=\"og:image:type\" content=\"image\/jpeg\" \/>\n<meta name=\"twitter:card\" content=\"summary_large_image\" \/>\n<meta name=\"twitter:label1\" content=\"Tiempo de lectura\" \/>\n\t<meta name=\"twitter:data1\" content=\"1 minuto\" \/>\n<script type=\"application\/ld+json\" class=\"yoast-schema-graph\">{\"@context\":\"https:\\\/\\\/schema.org\",\"@graph\":[{\"@type\":\"WebPage\",\"@id\":\"https:\\\/\\\/hdgallipoli.it\\\/es\\\/prodotto\\\/habitacion-doble-con-tercera-cama\\\/\",\"url\":\"https:\\\/\\\/hdgallipoli.it\\\/es\\\/prodotto\\\/habitacion-doble-con-tercera-cama\\\/\",\"name\":\"Habitaci\u00f3n doble con tercera cama.\",\"isPartOf\":{\"@id\":\"https:\\\/\\\/hdgallipoli.it\\\/es\\\/#website\"},\"primaryImageOfPage\":{\"@id\":\"https:\\\/\\\/hdgallipoli.it\\\/es\\\/prodotto\\\/habitacion-doble-con-tercera-cama\\\/#primaryimage\"},\"image\":{\"@id\":\"https:\\\/\\\/hdgallipoli.it\\\/es\\\/prodotto\\\/habitacion-doble-con-tercera-cama\\\/#primaryimage\"},\"thumbnailUrl\":\"https:\\\/\\\/hdgallipoli.it\\\/wp-content\\\/uploads\\\/2025\\\/05\\\/BB-Nardo-Monday-letto-chiuso.jpg\",\"datePublished\":\"2025-01-18T00:17:39+00:00\",\"dateModified\":\"2026-02-24T10:47:52+00:00\",\"description\":\"Dormitorio doble con tercera cama y zona exterior cubierta por una logia. Dispone de ba\u00f1o con ducha, aire acondicionado, TV, nevera y wifi gratuito. nardo\",\"breadcrumb\":{\"@id\":\"https:\\\/\\\/hdgallipoli.it\\\/es\\\/prodotto\\\/habitacion-doble-con-tercera-cama\\\/#breadcrumb\"},\"inLanguage\":\"es\",\"potentialAction\":[{\"@type\":\"ReadAction\",\"target\":[\"https:\\\/\\\/hdgallipoli.it\\\/es\\\/prodotto\\\/habitacion-doble-con-tercera-cama\\\/\"]}]},{\"@type\":\"ImageObject\",\"inLanguage\":\"es\",\"@id\":\"https:\\\/\\\/hdgallipoli.it\\\/es\\\/prodotto\\\/habitacion-doble-con-tercera-cama\\\/#primaryimage\",\"url\":\"https:\\\/\\\/hdgallipoli.it\\\/wp-content\\\/uploads\\\/2025\\\/05\\\/BB-Nardo-Monday-letto-chiuso.jpg\",\"contentUrl\":\"https:\\\/\\\/hdgallipoli.it\\\/wp-content\\\/uploads\\\/2025\\\/05\\\/BB-Nardo-Monday-letto-chiuso.jpg\",\"width\":2048,\"height\":1365},{\"@type\":\"BreadcrumbList\",\"@id\":\"https:\\\/\\\/hdgallipoli.it\\\/es\\\/prodotto\\\/habitacion-doble-con-tercera-cama\\\/#breadcrumb\",\"itemListElement\":[{\"@type\":\"ListItem\",\"position\":1,\"name\":\"Home\",\"item\":\"https:\\\/\\\/hdgallipoli.it\\\/es\\\/\"},{\"@type\":\"ListItem\",\"position\":2,\"name\":\"Productos\",\"item\":\"https:\\\/\\\/hdgallipoli.it\\\/es\\\/shop\\\/\"},{\"@type\":\"ListItem\",\"position\":3,\"name\":\"Habitaci\u00f3n doble con tercera cama.\"}]},{\"@type\":\"WebSite\",\"@id\":\"https:\\\/\\\/hdgallipoli.it\\\/es\\\/#website\",\"url\":\"https:\\\/\\\/hdgallipoli.it\\\/es\\\/\",\"name\":\"B&b Happy Days Santa Maria al Bagno\",\"description\":\"Bed and breakfast Santa Maria al Bagno\",\"publisher\":{\"@id\":\"https:\\\/\\\/hdgallipoli.it\\\/es\\\/#organization\"},\"alternateName\":\"B&b Nard\u00f2\",\"potentialAction\":[{\"@type\":\"SearchAction\",\"target\":{\"@type\":\"EntryPoint\",\"urlTemplate\":\"https:\\\/\\\/hdgallipoli.it\\\/es\\\/?s={search_term_string}\"},\"query-input\":{\"@type\":\"PropertyValueSpecification\",\"valueRequired\":true,\"valueName\":\"search_term_string\"}}],\"inLanguage\":\"es\"},{\"@type\":\"Organization\",\"@id\":\"https:\\\/\\\/hdgallipoli.it\\\/es\\\/#organization\",\"name\":\"B&b Happy Days Santa Maria al Bagno\",\"alternateName\":\"B&b Happy Days Santa Maria al Bagno\",\"url\":\"https:\\\/\\\/hdgallipoli.it\\\/es\\\/\",\"logo\":{\"@type\":\"ImageObject\",\"inLanguage\":\"es\",\"@id\":\"https:\\\/\\\/hdgallipoli.it\\\/es\\\/#\\\/schema\\\/logo\\\/image\\\/\",\"url\":\"https:\\\/\\\/hdgallipoli.it\\\/wp-content\\\/uploads\\\/2024\\\/10\\\/cropped-BB-Santa-Maria-al-Bagno-vicino-Nardo-sul-Golfo-Gallipoli.png\",\"contentUrl\":\"https:\\\/\\\/hdgallipoli.it\\\/wp-content\\\/uploads\\\/2024\\\/10\\\/cropped-BB-Santa-Maria-al-Bagno-vicino-Nardo-sul-Golfo-Gallipoli.png\",\"width\":512,\"height\":512,\"caption\":\"B&b Happy Days Santa Maria al Bagno\"},\"image\":{\"@id\":\"https:\\\/\\\/hdgallipoli.it\\\/es\\\/#\\\/schema\\\/logo\\\/image\\\/\"},\"sameAs\":[\"https:\\\/\\\/www.facebook.com\\\/share\\\/stJ3P4yQ6mY7ALnh\\\/\"]}]}<\/script>\n<!-- \/ Yoast SEO plugin. -->","yoast_head_json":{"title":"Habitaci\u00f3n doble con tercera cama.","description":"Dormitorio doble con tercera cama y zona exterior cubierta por una logia. Dispone de ba\u00f1o con ducha, aire acondicionado, TV, nevera y wifi gratuito. nardo","robots":{"index":"index","follow":"follow","max-snippet":"max-snippet:-1","max-image-preview":"max-image-preview:large","max-video-preview":"max-video-preview:-1"},"canonical":"https:\/\/hdgallipoli.it\/es\/prodotto\/habitacion-doble-con-tercera-cama\/","og_locale":"es_ES","og_type":"article","og_title":"Habitaci\u00f3n doble con tercera cama.","og_description":"Dormitorio doble con tercera cama y zona exterior cubierta por una logia. Dispone de ba\u00f1o con ducha, aire acondicionado, TV, nevera y wifi gratuito. nardo","og_url":"https:\/\/hdgallipoli.it\/es\/prodotto\/habitacion-doble-con-tercera-cama\/","og_site_name":"B&amp;b Happy Days Santa Maria al Bagno Golfo di Gallipoli","article_publisher":"https:\/\/www.facebook.com\/share\/stJ3P4yQ6mY7ALnh\/","article_modified_time":"2026-02-24T10:47:52+00:00","og_image":[{"width":2048,"height":1365,"url":"https:\/\/hdgallipoli.it\/wp-content\/uploads\/2025\/05\/BB-Nardo-Monday-letto-chiuso.jpg","type":"image\/jpeg"}],"twitter_card":"summary_large_image","twitter_misc":{"Tiempo de lectura":"1 minuto"},"schema":{"@context":"https:\/\/schema.org","@graph":[{"@type":"WebPage","@id":"https:\/\/hdgallipoli.it\/es\/prodotto\/habitacion-doble-con-tercera-cama\/","url":"https:\/\/hdgallipoli.it\/es\/prodotto\/habitacion-doble-con-tercera-cama\/","name":"Habitaci\u00f3n doble con tercera cama.","isPartOf":{"@id":"https:\/\/hdgallipoli.it\/es\/#website"},"primaryImageOfPage":{"@id":"https:\/\/hdgallipoli.it\/es\/prodotto\/habitacion-doble-con-tercera-cama\/#primaryimage"},"image":{"@id":"https:\/\/hdgallipoli.it\/es\/prodotto\/habitacion-doble-con-tercera-cama\/#primaryimage"},"thumbnailUrl":"https:\/\/hdgallipoli.it\/wp-content\/uploads\/2025\/05\/BB-Nardo-Monday-letto-chiuso.jpg","datePublished":"2025-01-18T00:17:39+00:00","dateModified":"2026-02-24T10:47:52+00:00","description":"Dormitorio doble con tercera cama y zona exterior cubierta por una logia. Dispone de ba\u00f1o con ducha, aire acondicionado, TV, nevera y wifi gratuito. nardo","breadcrumb":{"@id":"https:\/\/hdgallipoli.it\/es\/prodotto\/habitacion-doble-con-tercera-cama\/#breadcrumb"},"inLanguage":"es","potentialAction":[{"@type":"ReadAction","target":["https:\/\/hdgallipoli.it\/es\/prodotto\/habitacion-doble-con-tercera-cama\/"]}]},{"@type":"ImageObject","inLanguage":"es","@id":"https:\/\/hdgallipoli.it\/es\/prodotto\/habitacion-doble-con-tercera-cama\/#primaryimage","url":"https:\/\/hdgallipoli.it\/wp-content\/uploads\/2025\/05\/BB-Nardo-Monday-letto-chiuso.jpg","contentUrl":"https:\/\/hdgallipoli.it\/wp-content\/uploads\/2025\/05\/BB-Nardo-Monday-letto-chiuso.jpg","width":2048,"height":1365},{"@type":"BreadcrumbList","@id":"https:\/\/hdgallipoli.it\/es\/prodotto\/habitacion-doble-con-tercera-cama\/#breadcrumb","itemListElement":[{"@type":"ListItem","position":1,"name":"Home","item":"https:\/\/hdgallipoli.it\/es\/"},{"@type":"ListItem","position":2,"name":"Productos","item":"https:\/\/hdgallipoli.it\/es\/shop\/"},{"@type":"ListItem","position":3,"name":"Habitaci\u00f3n doble con tercera cama."}]},{"@type":"WebSite","@id":"https:\/\/hdgallipoli.it\/es\/#website","url":"https:\/\/hdgallipoli.it\/es\/","name":"B&b Happy Days Santa Maria al Bagno","description":"Bed and breakfast Santa Maria al Bagno","publisher":{"@id":"https:\/\/hdgallipoli.it\/es\/#organization"},"alternateName":"B&b Nard\u00f2","potentialAction":[{"@type":"SearchAction","target":{"@type":"EntryPoint","urlTemplate":"https:\/\/hdgallipoli.it\/es\/?s={search_term_string}"},"query-input":{"@type":"PropertyValueSpecification","valueRequired":true,"valueName":"search_term_string"}}],"inLanguage":"es"},{"@type":"Organization","@id":"https:\/\/hdgallipoli.it\/es\/#organization","name":"B&b Happy Days Santa Maria al Bagno","alternateName":"B&b Happy Days Santa Maria al Bagno","url":"https:\/\/hdgallipoli.it\/es\/","logo":{"@type":"ImageObject","inLanguage":"es","@id":"https:\/\/hdgallipoli.it\/es\/#\/schema\/logo\/image\/","url":"https:\/\/hdgallipoli.it\/wp-content\/uploads\/2024\/10\/cropped-BB-Santa-Maria-al-Bagno-vicino-Nardo-sul-Golfo-Gallipoli.png","contentUrl":"https:\/\/hdgallipoli.it\/wp-content\/uploads\/2024\/10\/cropped-BB-Santa-Maria-al-Bagno-vicino-Nardo-sul-Golfo-Gallipoli.png","width":512,"height":512,"caption":"B&b Happy Days Santa Maria al Bagno"},"image":{"@id":"https:\/\/hdgallipoli.it\/es\/#\/schema\/logo\/image\/"},"sameAs":["https:\/\/www.facebook.com\/share\/stJ3P4yQ6mY7ALnh\/"]}]}},"_links":{"self":[{"href":"https:\/\/hdgallipoli.it\/es\/wp-json\/wp\/v2\/product\/7427","targetHints":{"allow":["GET"]}}],"collection":[{"href":"https:\/\/hdgallipoli.it\/es\/wp-json\/wp\/v2\/product"}],"about":[{"href":"https:\/\/hdgallipoli.it\/es\/wp-json\/wp\/v2\/types\/product"}],"wp:featuredmedia":[{"embeddable":true,"href":"https:\/\/hdgallipoli.it\/es\/wp-json\/wp\/v2\/media\/8809"}],"wp:attachment":[{"href":"https:\/\/hdgallipoli.it\/es\/wp-json\/wp\/v2\/media?parent=7427"}],"wp:term":[{"taxonomy":"product_brand","embeddable":true,"href":"https:\/\/hdgallipoli.it\/es\/wp-json\/wp\/v2\/product_brand?post=7427"},{"taxonomy":"product_cat","embeddable":true,"href":"https:\/\/hdgallipoli.it\/es\/wp-json\/wp\/v2\/product_cat?post=7427"},{"taxonomy":"product_tag","embeddable":true,"href":"https:\/\/hdgallipoli.it\/es\/wp-json\/wp\/v2\/product_tag?post=7427"}],"curies":[{"name":"wp","href":"https:\/\/api.w.org\/{rel}","templated":true}]}}