{"id":7423,"date":"2025-01-18T00:17:39","date_gmt":"2025-01-18T00:17:39","guid":{"rendered":"https:\/\/hdgallipoli.it\/happy-days-rooms\/doppelzimmer-mit-drittem-bett\/"},"modified":"2026-02-08T17:50:36","modified_gmt":"2026-02-08T17:50:36","slug":"doppelzimmer-mit-drittem-bett","status":"publish","type":"product","link":"https:\/\/hdgallipoli.it\/de\/prodotto\/doppelzimmer-mit-drittem-bett\/","title":{"rendered":"Doppelzimmer mit drittem Bett"},"content":{"rendered":"<p><img fetchpriority=\"high\" decoding=\"async\" class=\"alignnone size-medium wp-image-5882\" src=\"https:\/\/hdgallipoli.it\/wp-content\/uploads\/2025\/01\/Monday-ritoc1-300x200.jpg\" alt=\"\" width=\"300\" height=\"200\" srcset=\"https:\/\/hdgallipoli.it\/wp-content\/uploads\/2025\/01\/Monday-ritoc1-300x200.jpg 300w, https:\/\/hdgallipoli.it\/wp-content\/uploads\/2025\/01\/Monday-ritoc1-600x400.jpg 600w, https:\/\/hdgallipoli.it\/wp-content\/uploads\/2025\/01\/Monday-ritoc1-1024x683.jpg 1024w, https:\/\/hdgallipoli.it\/wp-content\/uploads\/2025\/01\/Monday-ritoc1-768x512.jpg 768w, https:\/\/hdgallipoli.it\/wp-content\/uploads\/2025\/01\/Monday-ritoc1-1536x1024.jpg 1536w, https:\/\/hdgallipoli.it\/wp-content\/uploads\/2025\/01\/Monday-ritoc1-1170x780.jpg 1170w, https:\/\/hdgallipoli.it\/wp-content\/uploads\/2025\/01\/Monday-ritoc1.jpg 1620w\" sizes=\"(max-width: 300px) 100vw, 300px\" \/><\/p>\n<div class=\"bg-bianco padding-lg-md margin-b-md rounded\">\n<div class=\"colonna-base colonna-75 mediaquery-700 padding-l-md\">\n<div class=\"txtExpandibile_box txtExpandibile_descrizione lh-lg txtExpandibile_ffffff txt_status_open\" data-numerorighe=\"8\" data-paddingtoplink=\"10\" data-comportamento=\"mosnas\" data-testolink=\"mostra di pi\u00f9\" data-testolinknas=\"mostra di meno\" data-bgcolor=\"ffffff\">\n<p align=\"justify\">Ausgestattet mit Bad mit Dusche, Klimaanlage, TV, K\u00fchlschrank und kostenfreiem WLAN. Das Zimmer ist mit einem dritten Bett eingerichtet, das dem Gast einen ausgezeichneten Komfort bietet.<\/p>\n<p><button class=\"rrp-widget-open-modal\">RESERVIERUNG<\/button><\/p>\n<p><script type=\"text\/javascript\" src=\"https:\/\/www.bed-and-breakfast.it\/scripts\/widget\/widget_frm_camere.cfm?idstruttura=15079&#038;idregione=13&#038;l=de\"><\/script><\/p>\n<\/div>\n<\/div>\n<\/div>\n","protected":false},"excerpt":{"rendered":"<p style=\"font-weight: 400;\">Die beiden Doppelzimmer mit Bad und drittem Bett befinden sich:<\/p>\n<p style=\"font-weight: 400;\">eines im Erdgeschoss mit einem privaten, \u00fcberdachten Au\u00dfenbereich (Loggia);<\/p>\n<p style=\"font-weight: 400;\">eines im ersten Stock mit einem gro\u00dfen Balkon. Die G\u00e4ste dieses Zimmers k\u00f6nnen bei der Buchung die Verf\u00fcgbarkeit der kleinen, zur exklusiven Nutzung bestimmten Kochnische auf dem Flur anfragen.<\/p>\n<p style=\"font-weight: 400;\">Nur f\u00fcr das Erdgeschoss-Zimmer befindet sich der Parkplatz in der N\u00e4he des Eingangs. Garten, Pool und Fr\u00fchst\u00fccks-Pavillon sind \u00fcber einen bequemen Weg erreichbar.<\/p>\n<div class=\"bg-bianco padding-lg-md margin-b-md rounded\">\n<div class=\"colonna-base colonna-75 mediaquery-700 padding-l-md\">\n<div class=\"txtExpandibile_box txtExpandibile_descrizione lh-lg txtExpandibile_ffffff txt_status_open\" data-numerorighe=\"8\" data-paddingtoplink=\"10\" data-comportamento=\"mosnas\" data-testolink=\"mostra di pi\u00f9\" data-testolinknas=\"mostra di meno\" data-bgcolor=\"ffffff\">\n<p align=\"justify\">\n<p><button class=\"rrp-widget-open-modal\">RESERVIERUNG<\/button><\/p>\n<p><script type=\"text\/javascript\" src=\"https:\/\/www.bed-and-breakfast.it\/scripts\/widget\/widget_frm_camere.cfm?idstruttura=15079&#038;idregione=13&#038;l=de\"><\/script><\/p>\n<\/div>\n<\/div>\n<\/div>\n","protected":false},"featured_media":8805,"template":"","meta":{"_crdt_document":""},"product_brand":[],"product_cat":[835],"product_tag":[],"class_list":{"0":"post-7423","1":"product","2":"type-product","3":"status-publish","4":"has-post-thumbnail","6":"product_cat-senza-categoria-de","8":"first","9":"instock","10":"virtual","11":"product-type-simple"},"yoast_head":"<!-- This site is optimized with the Yoast SEO plugin v27.5 - https:\/\/yoast.com\/product\/yoast-seo-wordpress\/ -->\n<title>Doppelzimmer mit drittem Bett<\/title>\n<meta name=\"description\" content=\"Doppelzimmer mit drittem Bett und von einer Loggia \u00fcberdachter Au\u00dfenbereich. Es verf\u00fcgt \u00fcber ein Badezimmer mit Dusche, Klimaanlage, TV, K\u00fchlschrank und kostenloses WLAN. Nardo\" \/>\n<meta name=\"robots\" content=\"index, follow, max-snippet:-1, max-image-preview:large, max-video-preview:-1\" \/>\n<link rel=\"canonical\" href=\"https:\/\/hdgallipoli.it\/de\/prodotto\/doppelzimmer-mit-drittem-bett\/\" \/>\n<meta property=\"og:locale\" content=\"de_DE\" \/>\n<meta property=\"og:type\" content=\"article\" \/>\n<meta property=\"og:title\" content=\"Doppelzimmer mit drittem Bett\" \/>\n<meta property=\"og:description\" content=\"Doppelzimmer mit drittem Bett und von einer Loggia \u00fcberdachter Au\u00dfenbereich. Es verf\u00fcgt \u00fcber ein Badezimmer mit Dusche, Klimaanlage, TV, K\u00fchlschrank und kostenloses WLAN. Nardo\" \/>\n<meta property=\"og:url\" content=\"https:\/\/hdgallipoli.it\/de\/prodotto\/doppelzimmer-mit-drittem-bett\/\" \/>\n<meta property=\"og:site_name\" content=\"B&amp;b Happy Days Santa Maria al Bagno Golfo di Gallipoli\" \/>\n<meta property=\"article:publisher\" content=\"https:\/\/www.facebook.com\/share\/stJ3P4yQ6mY7ALnh\/\" \/>\n<meta property=\"article:modified_time\" content=\"2026-02-08T17:50:36+00:00\" \/>\n<meta property=\"og:image\" content=\"https:\/\/hdgallipoli.it\/wp-content\/uploads\/2025\/05\/BB-Nardo-Monday-letto-chiuso.jpg\" \/>\n\t<meta property=\"og:image:width\" content=\"2048\" \/>\n\t<meta property=\"og:image:height\" content=\"1365\" \/>\n\t<meta property=\"og:image:type\" content=\"image\/jpeg\" \/>\n<meta name=\"twitter:card\" content=\"summary_large_image\" \/>\n<meta name=\"twitter:label1\" content=\"Gesch\u00e4tzte Lesezeit\" \/>\n\t<meta name=\"twitter:data1\" content=\"1\u00a0Minute\" \/>\n<script type=\"application\/ld+json\" class=\"yoast-schema-graph\">{\"@context\":\"https:\\\/\\\/schema.org\",\"@graph\":[{\"@type\":\"WebPage\",\"@id\":\"https:\\\/\\\/hdgallipoli.it\\\/de\\\/prodotto\\\/doppelzimmer-mit-drittem-bett\\\/\",\"url\":\"https:\\\/\\\/hdgallipoli.it\\\/de\\\/prodotto\\\/doppelzimmer-mit-drittem-bett\\\/\",\"name\":\"Doppelzimmer mit drittem Bett\",\"isPartOf\":{\"@id\":\"https:\\\/\\\/hdgallipoli.it\\\/de\\\/#website\"},\"primaryImageOfPage\":{\"@id\":\"https:\\\/\\\/hdgallipoli.it\\\/de\\\/prodotto\\\/doppelzimmer-mit-drittem-bett\\\/#primaryimage\"},\"image\":{\"@id\":\"https:\\\/\\\/hdgallipoli.it\\\/de\\\/prodotto\\\/doppelzimmer-mit-drittem-bett\\\/#primaryimage\"},\"thumbnailUrl\":\"https:\\\/\\\/hdgallipoli.it\\\/wp-content\\\/uploads\\\/2025\\\/05\\\/BB-Nardo-Monday-letto-chiuso.jpg\",\"datePublished\":\"2025-01-18T00:17:39+00:00\",\"dateModified\":\"2026-02-08T17:50:36+00:00\",\"description\":\"Doppelzimmer mit drittem Bett und von einer Loggia \u00fcberdachter Au\u00dfenbereich. Es verf\u00fcgt \u00fcber ein Badezimmer mit Dusche, Klimaanlage, TV, K\u00fchlschrank und kostenloses WLAN. Nardo\",\"breadcrumb\":{\"@id\":\"https:\\\/\\\/hdgallipoli.it\\\/de\\\/prodotto\\\/doppelzimmer-mit-drittem-bett\\\/#breadcrumb\"},\"inLanguage\":\"de\",\"potentialAction\":[{\"@type\":\"ReadAction\",\"target\":[\"https:\\\/\\\/hdgallipoli.it\\\/de\\\/prodotto\\\/doppelzimmer-mit-drittem-bett\\\/\"]}]},{\"@type\":\"ImageObject\",\"inLanguage\":\"de\",\"@id\":\"https:\\\/\\\/hdgallipoli.it\\\/de\\\/prodotto\\\/doppelzimmer-mit-drittem-bett\\\/#primaryimage\",\"url\":\"https:\\\/\\\/hdgallipoli.it\\\/wp-content\\\/uploads\\\/2025\\\/05\\\/BB-Nardo-Monday-letto-chiuso.jpg\",\"contentUrl\":\"https:\\\/\\\/hdgallipoli.it\\\/wp-content\\\/uploads\\\/2025\\\/05\\\/BB-Nardo-Monday-letto-chiuso.jpg\",\"width\":2048,\"height\":1365},{\"@type\":\"BreadcrumbList\",\"@id\":\"https:\\\/\\\/hdgallipoli.it\\\/de\\\/prodotto\\\/doppelzimmer-mit-drittem-bett\\\/#breadcrumb\",\"itemListElement\":[{\"@type\":\"ListItem\",\"position\":1,\"name\":\"Home\",\"item\":\"https:\\\/\\\/hdgallipoli.it\\\/de\\\/\"},{\"@type\":\"ListItem\",\"position\":2,\"name\":\"Produkte\",\"item\":\"https:\\\/\\\/hdgallipoli.it\\\/de\\\/shop\\\/\"},{\"@type\":\"ListItem\",\"position\":3,\"name\":\"Doppelzimmer mit drittem Bett\"}]},{\"@type\":\"WebSite\",\"@id\":\"https:\\\/\\\/hdgallipoli.it\\\/de\\\/#website\",\"url\":\"https:\\\/\\\/hdgallipoli.it\\\/de\\\/\",\"name\":\"B&b Happy Days Santa Maria al Bagno\",\"description\":\"Bed and breakfast Santa Maria al Bagno\",\"publisher\":{\"@id\":\"https:\\\/\\\/hdgallipoli.it\\\/de\\\/#organization\"},\"alternateName\":\"B&b Nard\u00f2\",\"potentialAction\":[{\"@type\":\"SearchAction\",\"target\":{\"@type\":\"EntryPoint\",\"urlTemplate\":\"https:\\\/\\\/hdgallipoli.it\\\/de\\\/?s={search_term_string}\"},\"query-input\":{\"@type\":\"PropertyValueSpecification\",\"valueRequired\":true,\"valueName\":\"search_term_string\"}}],\"inLanguage\":\"de\"},{\"@type\":\"Organization\",\"@id\":\"https:\\\/\\\/hdgallipoli.it\\\/de\\\/#organization\",\"name\":\"B&b Happy Days Santa Maria al Bagno\",\"alternateName\":\"B&b Happy Days Santa Maria al Bagno\",\"url\":\"https:\\\/\\\/hdgallipoli.it\\\/de\\\/\",\"logo\":{\"@type\":\"ImageObject\",\"inLanguage\":\"de\",\"@id\":\"https:\\\/\\\/hdgallipoli.it\\\/de\\\/#\\\/schema\\\/logo\\\/image\\\/\",\"url\":\"https:\\\/\\\/hdgallipoli.it\\\/wp-content\\\/uploads\\\/2024\\\/10\\\/cropped-BB-Santa-Maria-al-Bagno-vicino-Nardo-sul-Golfo-Gallipoli.png\",\"contentUrl\":\"https:\\\/\\\/hdgallipoli.it\\\/wp-content\\\/uploads\\\/2024\\\/10\\\/cropped-BB-Santa-Maria-al-Bagno-vicino-Nardo-sul-Golfo-Gallipoli.png\",\"width\":512,\"height\":512,\"caption\":\"B&b Happy Days Santa Maria al Bagno\"},\"image\":{\"@id\":\"https:\\\/\\\/hdgallipoli.it\\\/de\\\/#\\\/schema\\\/logo\\\/image\\\/\"},\"sameAs\":[\"https:\\\/\\\/www.facebook.com\\\/share\\\/stJ3P4yQ6mY7ALnh\\\/\"]}]}<\/script>\n<!-- \/ Yoast SEO plugin. -->","yoast_head_json":{"title":"Doppelzimmer mit drittem Bett","description":"Doppelzimmer mit drittem Bett und von einer Loggia \u00fcberdachter Au\u00dfenbereich. Es verf\u00fcgt \u00fcber ein Badezimmer mit Dusche, Klimaanlage, TV, K\u00fchlschrank und kostenloses WLAN. Nardo","robots":{"index":"index","follow":"follow","max-snippet":"max-snippet:-1","max-image-preview":"max-image-preview:large","max-video-preview":"max-video-preview:-1"},"canonical":"https:\/\/hdgallipoli.it\/de\/prodotto\/doppelzimmer-mit-drittem-bett\/","og_locale":"de_DE","og_type":"article","og_title":"Doppelzimmer mit drittem Bett","og_description":"Doppelzimmer mit drittem Bett und von einer Loggia \u00fcberdachter Au\u00dfenbereich. Es verf\u00fcgt \u00fcber ein Badezimmer mit Dusche, Klimaanlage, TV, K\u00fchlschrank und kostenloses WLAN. Nardo","og_url":"https:\/\/hdgallipoli.it\/de\/prodotto\/doppelzimmer-mit-drittem-bett\/","og_site_name":"B&amp;b Happy Days Santa Maria al Bagno Golfo di Gallipoli","article_publisher":"https:\/\/www.facebook.com\/share\/stJ3P4yQ6mY7ALnh\/","article_modified_time":"2026-02-08T17:50:36+00:00","og_image":[{"width":2048,"height":1365,"url":"https:\/\/hdgallipoli.it\/wp-content\/uploads\/2025\/05\/BB-Nardo-Monday-letto-chiuso.jpg","type":"image\/jpeg"}],"twitter_card":"summary_large_image","twitter_misc":{"Gesch\u00e4tzte Lesezeit":"1\u00a0Minute"},"schema":{"@context":"https:\/\/schema.org","@graph":[{"@type":"WebPage","@id":"https:\/\/hdgallipoli.it\/de\/prodotto\/doppelzimmer-mit-drittem-bett\/","url":"https:\/\/hdgallipoli.it\/de\/prodotto\/doppelzimmer-mit-drittem-bett\/","name":"Doppelzimmer mit drittem Bett","isPartOf":{"@id":"https:\/\/hdgallipoli.it\/de\/#website"},"primaryImageOfPage":{"@id":"https:\/\/hdgallipoli.it\/de\/prodotto\/doppelzimmer-mit-drittem-bett\/#primaryimage"},"image":{"@id":"https:\/\/hdgallipoli.it\/de\/prodotto\/doppelzimmer-mit-drittem-bett\/#primaryimage"},"thumbnailUrl":"https:\/\/hdgallipoli.it\/wp-content\/uploads\/2025\/05\/BB-Nardo-Monday-letto-chiuso.jpg","datePublished":"2025-01-18T00:17:39+00:00","dateModified":"2026-02-08T17:50:36+00:00","description":"Doppelzimmer mit drittem Bett und von einer Loggia \u00fcberdachter Au\u00dfenbereich. Es verf\u00fcgt \u00fcber ein Badezimmer mit Dusche, Klimaanlage, TV, K\u00fchlschrank und kostenloses WLAN. Nardo","breadcrumb":{"@id":"https:\/\/hdgallipoli.it\/de\/prodotto\/doppelzimmer-mit-drittem-bett\/#breadcrumb"},"inLanguage":"de","potentialAction":[{"@type":"ReadAction","target":["https:\/\/hdgallipoli.it\/de\/prodotto\/doppelzimmer-mit-drittem-bett\/"]}]},{"@type":"ImageObject","inLanguage":"de","@id":"https:\/\/hdgallipoli.it\/de\/prodotto\/doppelzimmer-mit-drittem-bett\/#primaryimage","url":"https:\/\/hdgallipoli.it\/wp-content\/uploads\/2025\/05\/BB-Nardo-Monday-letto-chiuso.jpg","contentUrl":"https:\/\/hdgallipoli.it\/wp-content\/uploads\/2025\/05\/BB-Nardo-Monday-letto-chiuso.jpg","width":2048,"height":1365},{"@type":"BreadcrumbList","@id":"https:\/\/hdgallipoli.it\/de\/prodotto\/doppelzimmer-mit-drittem-bett\/#breadcrumb","itemListElement":[{"@type":"ListItem","position":1,"name":"Home","item":"https:\/\/hdgallipoli.it\/de\/"},{"@type":"ListItem","position":2,"name":"Produkte","item":"https:\/\/hdgallipoli.it\/de\/shop\/"},{"@type":"ListItem","position":3,"name":"Doppelzimmer mit drittem Bett"}]},{"@type":"WebSite","@id":"https:\/\/hdgallipoli.it\/de\/#website","url":"https:\/\/hdgallipoli.it\/de\/","name":"B&b Happy Days Santa Maria al Bagno","description":"Bed and breakfast Santa Maria al Bagno","publisher":{"@id":"https:\/\/hdgallipoli.it\/de\/#organization"},"alternateName":"B&b Nard\u00f2","potentialAction":[{"@type":"SearchAction","target":{"@type":"EntryPoint","urlTemplate":"https:\/\/hdgallipoli.it\/de\/?s={search_term_string}"},"query-input":{"@type":"PropertyValueSpecification","valueRequired":true,"valueName":"search_term_string"}}],"inLanguage":"de"},{"@type":"Organization","@id":"https:\/\/hdgallipoli.it\/de\/#organization","name":"B&b Happy Days Santa Maria al Bagno","alternateName":"B&b Happy Days Santa Maria al Bagno","url":"https:\/\/hdgallipoli.it\/de\/","logo":{"@type":"ImageObject","inLanguage":"de","@id":"https:\/\/hdgallipoli.it\/de\/#\/schema\/logo\/image\/","url":"https:\/\/hdgallipoli.it\/wp-content\/uploads\/2024\/10\/cropped-BB-Santa-Maria-al-Bagno-vicino-Nardo-sul-Golfo-Gallipoli.png","contentUrl":"https:\/\/hdgallipoli.it\/wp-content\/uploads\/2024\/10\/cropped-BB-Santa-Maria-al-Bagno-vicino-Nardo-sul-Golfo-Gallipoli.png","width":512,"height":512,"caption":"B&b Happy Days Santa Maria al Bagno"},"image":{"@id":"https:\/\/hdgallipoli.it\/de\/#\/schema\/logo\/image\/"},"sameAs":["https:\/\/www.facebook.com\/share\/stJ3P4yQ6mY7ALnh\/"]}]}},"_links":{"self":[{"href":"https:\/\/hdgallipoli.it\/de\/wp-json\/wp\/v2\/product\/7423","targetHints":{"allow":["GET"]}}],"collection":[{"href":"https:\/\/hdgallipoli.it\/de\/wp-json\/wp\/v2\/product"}],"about":[{"href":"https:\/\/hdgallipoli.it\/de\/wp-json\/wp\/v2\/types\/product"}],"wp:featuredmedia":[{"embeddable":true,"href":"https:\/\/hdgallipoli.it\/de\/wp-json\/wp\/v2\/media\/8805"}],"wp:attachment":[{"href":"https:\/\/hdgallipoli.it\/de\/wp-json\/wp\/v2\/media?parent=7423"}],"wp:term":[{"taxonomy":"product_brand","embeddable":true,"href":"https:\/\/hdgallipoli.it\/de\/wp-json\/wp\/v2\/product_brand?post=7423"},{"taxonomy":"product_cat","embeddable":true,"href":"https:\/\/hdgallipoli.it\/de\/wp-json\/wp\/v2\/product_cat?post=7423"},{"taxonomy":"product_tag","embeddable":true,"href":"https:\/\/hdgallipoli.it\/de\/wp-json\/wp\/v2\/product_tag?post=7423"}],"curies":[{"name":"wp","href":"https:\/\/api.w.org\/{rel}","templated":true}]}}